{"id":25235,"date":"2021-04-12T11:14:16","date_gmt":"2021-04-12T09:14:16","guid":{"rendered":"https:\/\/cbkjk.uwr.edu.pl\/kontakt\/"},"modified":"2024-12-04T09:10:21","modified_gmt":"2024-12-04T08:10:21","slug":"contact","status":"publish","type":"page","link":"https:\/\/cbkjk.uwr.edu.pl\/en\/contact\/","title":{"rendered":"Contact"},"content":{"rendered":"\n<div class=\"alignfull wp-block-ugb-container ugb-container podstrona_sekcje ugb-12c4a27 ugb-container--v2 ugb-container--design-plain ugb-main-block\"><style>@media screen and (min-width:768px){.ugb-12c4a27.ugb-container{margin-bottom:0px !important;padding-right:0px !important;padding-bottom:50px !important;padding-left:0px !important}}@media screen and (min-width:768px){.ugb-12c4a27 > .ugb-inner-block > .ugb-block-content > *{padding-top:0px !important;padding-bottom:0px !important;padding-right:0px !important;padding-left:0px !important}}<\/style><div class=\"ugb-inner-block\"><div class=\"ugb-block-content\"><div class=\"ugb-container__wrapper ugb-12c4a27-wrapper\"><div class=\"ugb-container__side\"><div class=\"ugb-container__content-wrapper ugb-12c4a27-content-wrapper\">\n<div class=\"wp-block-media-text alignwide is-stacked-on-mobile is-vertically-aligned-top is-image-fill bs-naglowek-szablonu-kolumny\"><figure class=\"wp-block-media-text__media\" style=\"background-image:url(https:\/\/cbkjk.uwr.edu.pl\/wp-content\/uploads\/sites\/671\/2022\/11\/2016_gmach_Dominika-Hull_11-1024x639.jpg);background-position:50% 50%\"><img loading=\"lazy\" decoding=\"async\" width=\"1024\" height=\"639\" src=\"https:\/\/cbkjk.uwr.edu.pl\/wp-content\/uploads\/sites\/671\/2022\/11\/2016_gmach_Dominika-Hull_11-1024x639.jpg\" alt=\"UWr\" class=\"wp-image-23559 size-full\" srcset=\"https:\/\/cbkjk.uwr.edu.pl\/wp-content\/uploads\/sites\/671\/2022\/11\/2016_gmach_Dominika-Hull_11-1024x639.jpg 1024w, https:\/\/cbkjk.uwr.edu.pl\/wp-content\/uploads\/sites\/671\/2022\/11\/2016_gmach_Dominika-Hull_11-300x187.jpg 300w, https:\/\/cbkjk.uwr.edu.pl\/wp-content\/uploads\/sites\/671\/2022\/11\/2016_gmach_Dominika-Hull_11-768x479.jpg 768w, https:\/\/cbkjk.uwr.edu.pl\/wp-content\/uploads\/sites\/671\/2022\/11\/2016_gmach_Dominika-Hull_11-1536x958.jpg 1536w, https:\/\/cbkjk.uwr.edu.pl\/wp-content\/uploads\/sites\/671\/2022\/11\/2016_gmach_Dominika-Hull_11-2048x1277.jpg 2048w, https:\/\/cbkjk.uwr.edu.pl\/wp-content\/uploads\/sites\/671\/2022\/11\/2016_gmach_Dominika-Hull_11-1320x823.jpg 1320w, https:\/\/cbkjk.uwr.edu.pl\/wp-content\/uploads\/sites\/671\/2022\/11\/2016_gmach_Dominika-Hull_11-24x15.jpg 24w, https:\/\/cbkjk.uwr.edu.pl\/wp-content\/uploads\/sites\/671\/2022\/11\/2016_gmach_Dominika-Hull_11-36x22.jpg 36w, https:\/\/cbkjk.uwr.edu.pl\/wp-content\/uploads\/sites\/671\/2022\/11\/2016_gmach_Dominika-Hull_11-48x30.jpg 48w, https:\/\/cbkjk.uwr.edu.pl\/wp-content\/uploads\/sites\/671\/2022\/11\/2016_gmach_Dominika-Hull_11.jpg 1600w\" sizes=\"auto, (max-width: 1024px) 100vw, 1024px\" \/><\/figure><div class=\"wp-block-media-text__content\">\n<div class=\"wp-block-bonasoft-modular-breadcrumbs-block\"><div class=\"bs_add_breadcrumb_trail\"><\/div><\/div>\n\n\n\n<hr class=\"wp-block-separator has-text-color has-black-color has-css-opacity has-black-background-color has-background is-style-wide bs-border-kontakt\"\/>\n\n\n<h1 style=\"font-style:normal;font-weight:700;\" class=\"bs-naglowek-podstrony wp-block-post-title\">Contact<\/h1>\n\n\n<div style=\"height:50px\" aria-hidden=\"true\" class=\"wp-block-spacer\"><\/div>\n\n\n\n<p><img loading=\"lazy\" decoding=\"async\" width=\"20\" height=\"20\" class=\"wp-image-23583\" style=\"width: 20px;\" src=\"https:\/\/cbkjk.uwr.edu.pl\/wp-content\/uploads\/sites\/671\/2022\/11\/dom.png\" alt=\"budynek\" srcset=\"https:\/\/cbkjk.uwr.edu.pl\/wp-content\/uploads\/sites\/671\/2022\/11\/dom.png 194w, https:\/\/cbkjk.uwr.edu.pl\/wp-content\/uploads\/sites\/671\/2022\/11\/dom-150x150.png 150w, https:\/\/cbkjk.uwr.edu.pl\/wp-content\/uploads\/sites\/671\/2022\/11\/dom-24x24.png 24w, https:\/\/cbkjk.uwr.edu.pl\/wp-content\/uploads\/sites\/671\/2022\/11\/dom-36x36.png 36w, https:\/\/cbkjk.uwr.edu.pl\/wp-content\/uploads\/sites\/671\/2022\/11\/dom-48x48.png 48w\" sizes=\"auto, (max-width: 20px) 100vw, 20px\" \/> <strong>Address:<\/strong> Ku\u017anicza 21-22, 50-138, Wroc\u0142aw, Poland<\/p>\n\n\n\n<p><img loading=\"lazy\" decoding=\"async\" width=\"20\" height=\"20\" class=\"wp-image-23571\" style=\"width: 20px;\" src=\"https:\/\/cbkjk.uwr.edu.pl\/wp-content\/uploads\/sites\/671\/2022\/11\/telefon.png\" alt=\"telefon\" srcset=\"https:\/\/cbkjk.uwr.edu.pl\/wp-content\/uploads\/sites\/671\/2022\/11\/telefon.png 221w, https:\/\/cbkjk.uwr.edu.pl\/wp-content\/uploads\/sites\/671\/2022\/11\/telefon-150x150.png 150w, https:\/\/cbkjk.uwr.edu.pl\/wp-content\/uploads\/sites\/671\/2022\/11\/telefon-24x24.png 24w, https:\/\/cbkjk.uwr.edu.pl\/wp-content\/uploads\/sites\/671\/2022\/11\/telefon-36x36.png 36w, https:\/\/cbkjk.uwr.edu.pl\/wp-content\/uploads\/sites\/671\/2022\/11\/telefon-48x48.png 48w\" sizes=\"auto, (max-width: 20px) 100vw, 20px\" \/> <strong>Phone:<\/strong> <a href=\"tel:+48713436847\">+<\/a>48 71 375 24 39<\/p>\n\n\n\n<p><img loading=\"lazy\" decoding=\"async\" width=\"20\" height=\"16\" class=\"wp-image-23595\" style=\"width: 20px;\" src=\"https:\/\/cbkjk.uwr.edu.pl\/wp-content\/uploads\/sites\/671\/2022\/11\/koperta.png\" alt=\"e-mail\" srcset=\"https:\/\/cbkjk.uwr.edu.pl\/wp-content\/uploads\/sites\/671\/2022\/11\/koperta.png 281w, https:\/\/cbkjk.uwr.edu.pl\/wp-content\/uploads\/sites\/671\/2022\/11\/koperta-24x19.png 24w, https:\/\/cbkjk.uwr.edu.pl\/wp-content\/uploads\/sites\/671\/2022\/11\/koperta-36x29.png 36w, https:\/\/cbkjk.uwr.edu.pl\/wp-content\/uploads\/sites\/671\/2022\/11\/koperta-48x38.png 48w\" sizes=\"auto, (max-width: 20px) 100vw, 20px\" \/> <strong>E-mail:<\/strong> marek.kuzniak@uwr.edu.pl<\/p>\n<\/div><\/div>\n\n\n\n<div class=\"wp-block-ugb-container ugb-container ugb-002ab8b ugb-container--v2 ugb-container--design-plain ugb-main-block\"><style>@media screen and (min-width:768px){.ugb-002ab8b.ugb-container{margin-bottom:0% !important;margin-right:6% !important;margin-left:6% !important}}@media screen and (min-width:768px){.ugb-002ab8b > .ugb-inner-block > .ugb-block-content > *{padding-top:0px !important;padding-bottom:0px !important;padding-right:0px !important;padding-left:0px !important}}<\/style><div class=\"ugb-inner-block\"><div class=\"ugb-block-content\"><div class=\"ugb-container__wrapper ugb-002ab8b-wrapper\"><div class=\"ugb-container__side\"><div class=\"ugb-container__content-wrapper ugb-002ab8b-content-wrapper\">\n<div class=\"wp-block-ugb-columns ugb-columns ugb-1e69b3b ugb-columns--design-plain ugb-columns--columns-2 ugb-main-block\"><div class=\"ugb-inner-block\"><div class=\"ugb-block-content\"><div class=\"ugb-columns__item ugb-1e69b3b-content-wrapper\">\n<div class=\"wp-block-ugb-column ugb-column ugb-2684867 ugb-column--design-plain ugb-main-block\"><div class=\"ugb-inner-block\"><div class=\"ugb-block-content\"><div class=\"ugb-column__item ugb-2684867-column-wrapper\"><div class=\"ugb-column__content-wrapper\">\n<div class=\"wp-block-webfactory-map\"><div class=\"wp-block-webfactory-map\"><iframe loading=\"lazy\" title=\"Map\" width=\"100%\" height=\"525px\" src=\"https:\/\/www.google.com\/maps\/embed\/v1\/place?q=Ku%C5%BAnicza%2022%2C%20Wroc%C5%82aw&amp;maptype=roadmap&amp;zoom=15&amp;key=AIzaSyDmjMsICGxqfcRFrh0Qn1WJd15jmA-l4iw\" frameborder=\"0\"><\/iframe><\/div><\/div>\n<\/div><\/div><\/div><\/div><\/div>\n\n\n\n<div class=\"wp-block-ugb-column ugb-column ugb-0699a89 ugb-column--design-plain ugb-main-block\"><div class=\"ugb-inner-block\"><div class=\"ugb-block-content\"><div class=\"ugb-column__item ugb-0699a89-column-wrapper\"><div class=\"ugb-column__content-wrapper\">\n<div style=\"height:100px\" aria-hidden=\"true\" class=\"wp-block-spacer\"><\/div>\n\n\n\n<p><img loading=\"lazy\" decoding=\"async\" width=\"17\" height=\"19\" class=\"wp-image-23577\" style=\"width: 17px;\" src=\"https:\/\/cbkjk.uwr.edu.pl\/wp-content\/uploads\/sites\/671\/2022\/11\/zakladka.png\" alt=\"zak\u0142adka\" srcset=\"https:\/\/cbkjk.uwr.edu.pl\/wp-content\/uploads\/sites\/671\/2022\/11\/zakladka.png 169w, https:\/\/cbkjk.uwr.edu.pl\/wp-content\/uploads\/sites\/671\/2022\/11\/zakladka-21x24.png 21w, https:\/\/cbkjk.uwr.edu.pl\/wp-content\/uploads\/sites\/671\/2022\/11\/zakladka-32x36.png 32w, https:\/\/cbkjk.uwr.edu.pl\/wp-content\/uploads\/sites\/671\/2022\/11\/zakladka-42x48.png 42w\" sizes=\"auto, (max-width: 17px) 100vw, 17px\" \/> <strong>NIP:<\/strong> 8960005408&nbsp;<\/p>\n\n\n\n<p><img loading=\"lazy\" decoding=\"async\" width=\"17\" height=\"19\" class=\"wp-image-23577\" style=\"width: 17px;\" src=\"https:\/\/cbkjk.uwr.edu.pl\/wp-content\/uploads\/sites\/671\/2022\/11\/zakladka.png\" alt=\"zak\u0142adka\" srcset=\"https:\/\/cbkjk.uwr.edu.pl\/wp-content\/uploads\/sites\/671\/2022\/11\/zakladka.png 169w, https:\/\/cbkjk.uwr.edu.pl\/wp-content\/uploads\/sites\/671\/2022\/11\/zakladka-21x24.png 21w, https:\/\/cbkjk.uwr.edu.pl\/wp-content\/uploads\/sites\/671\/2022\/11\/zakladka-32x36.png 32w, https:\/\/cbkjk.uwr.edu.pl\/wp-content\/uploads\/sites\/671\/2022\/11\/zakladka-42x48.png 42w\" sizes=\"auto, (max-width: 17px) 100vw, 17px\" \/> <strong>REGON: <\/strong>000001301&nbsp;<\/p>\n\n\n\n<p><img loading=\"lazy\" decoding=\"async\" width=\"20\" height=\"16\" class=\"wp-image-23589\" style=\"width: 20px;\" src=\"https:\/\/cbkjk.uwr.edu.pl\/wp-content\/uploads\/sites\/671\/2022\/11\/karta.png\" alt=\"karta\" srcset=\"https:\/\/cbkjk.uwr.edu.pl\/wp-content\/uploads\/sites\/671\/2022\/11\/karta.png 217w, https:\/\/cbkjk.uwr.edu.pl\/wp-content\/uploads\/sites\/671\/2022\/11\/karta-24x19.png 24w, https:\/\/cbkjk.uwr.edu.pl\/wp-content\/uploads\/sites\/671\/2022\/11\/karta-36x28.png 36w, https:\/\/cbkjk.uwr.edu.pl\/wp-content\/uploads\/sites\/671\/2022\/11\/karta-48x37.png 48w\" sizes=\"auto, (max-width: 20px) 100vw, 20px\" \/> <strong>Bank account: <\/strong>71 1090 2503 0000 0006 3000 0004<\/p>\n<\/div><\/div><\/div><\/div><\/div>\n<\/div><\/div><\/div><\/div>\n\n\n\n<p><\/p>\n<\/div><\/div><\/div><\/div><\/div><\/div>\n\n\n\n<p><\/p>\n<\/div><\/div><\/div><\/div><\/div><\/div>\n","protected":false},"excerpt":{"rendered":"<p>Address: Ku\u017anicza 21-22, 50-138, Wroc\u0142aw, Poland Phone: +48 71 375 24 39 E-mail: marek.kuzniak@uwr.edu.pl NIP: 8960005408&nbsp; REGON: 000001301&nbsp; Bank account: 71 1090 2503 0000 0006 3000 0004<\/p>\n","protected":false},"author":20,"featured_media":0,"parent":0,"menu_order":0,"comment_status":"closed","ping_status":"closed","template":"","meta":{"_acf_changed":false,"inline_featured_image":false,"site-sidebar-layout":"no-sidebar","site-content-layout":"page-builder","ast-site-content-layout":"full-width-container","site-content-style":"unboxed","site-sidebar-style":"unboxed","ast-global-header-display":"","ast-banner-title-visibility":"","ast-main-header-display":"disabled","ast-hfb-above-header-display":"disabled","ast-hfb-below-header-display":"","ast-hfb-mobile-header-display":"","site-post-title":"disabled","ast-breadcrumbs-content":"","ast-featured-img":"","footer-sml-layout":"","ast-disable-related-posts":"","theme-transparent-header-meta":"default","adv-header-id-meta":"","stick-header-meta":"","header-above-stick-meta":"","header-main-stick-meta":"","header-below-stick-meta":"","astra-migrate-meta-layouts":"set","ast-page-background-enabled":"default","ast-page-background-meta":{"desktop":{"background-color":"","background-image":"","background-repeat":"repeat","background-position":"center center","background-size":"auto","background-attachment":"scroll","background-type":"","background-media":"","overlay-type":"","overlay-color":"","overlay-opacity":"","overlay-gradient":""},"tablet":{"background-color":"","background-image":"","background-repeat":"repeat","background-position":"center center","background-size":"auto","background-attachment":"scroll","background-type":"","background-media":"","overlay-type":"","overlay-color":"","overlay-opacity":"","overlay-gradient":""},"mobile":{"background-color":"","background-image":"","background-repeat":"repeat","background-position":"center center","background-size":"auto","background-attachment":"scroll","background-type":"","background-media":"","overlay-type":"","overlay-color":"","overlay-opacity":"","overlay-gradient":""}},"ast-content-background-meta":{"desktop":{"background-color":"var(--ast-global-color-5)","background-image":"","background-repeat":"repeat","background-position":"center center","background-size":"auto","background-attachment":"scroll","background-type":"","background-media":"","overlay-type":"","overlay-color":"","overlay-opacity":"","overlay-gradient":""},"tablet":{"background-color":"var(--ast-global-color-5)","background-image":"","background-repeat":"repeat","background-position":"center center","background-size":"auto","background-attachment":"scroll","background-type":"","background-media":"","overlay-type":"","overlay-color":"","overlay-opacity":"","overlay-gradient":""},"mobile":{"background-color":"var(--ast-global-color-5)","background-image":"","background-repeat":"repeat","background-position":"center center","background-size":"auto","background-attachment":"scroll","background-type":"","background-media":"","overlay-type":"","overlay-color":"","overlay-opacity":"","overlay-gradient":""}},"footnotes":""},"categories":[],"tags":[],"class_list":["post-25235","page","type-page","status-publish","hentry"],"featured_image_urls_v2":{"full":"","thumbnail":"","medium":"","medium_large":"","large":"","1536x1536":"","2048x2048":"","menu-24x24":"","menu-36x36":"","menu-48x48":""},"post_excerpt_stackable_v2":"<p>Contact Address: Ku\u017anicza 21-22, 50-138, Wroc\u0142aw, Poland Phone: +48 71 375 24 39 E-mail: marek.kuzniak@uwr.edu.pl NIP: 8960005408&nbsp; REGON: 000001301&nbsp; Bank account: 71 1090 2503 0000 0006 3000 0004<\/p>\n","category_list_v2":"Uncategorized","author_info_v2":{"name":"mmatlinski","url":"https:\/\/cbkjk.uwr.edu.pl\/en\/author\/mmatlinski\/"},"comments_num_v2":"0 comments","acf":[],"yoast_head":"<!-- This site is optimized with the Yoast SEO plugin v27.1.1 - https:\/\/yoast.com\/product\/yoast-seo-wordpress\/ -->\n<title>Contact - Centrum Bada\u0144 Kognitywnych nad J\u0119zykiem i Komunikacj\u0105<\/title>\n<meta name=\"robots\" content=\"index, follow, max-snippet:-1, max-image-preview:large, max-video-preview:-1\" \/>\n<link rel=\"canonical\" href=\"https:\/\/cbkjk.uwr.edu.pl\/en\/contact\/\" \/>\n<meta property=\"og:locale\" content=\"en_US\" \/>\n<meta property=\"og:type\" content=\"article\" \/>\n<meta property=\"og:title\" content=\"Contact - Centrum Bada\u0144 Kognitywnych nad J\u0119zykiem i Komunikacj\u0105\" \/>\n<meta property=\"og:description\" content=\"Address: Ku\u017anicza 21-22, 50-138, Wroc\u0142aw, Poland Phone: +48 71 375 24 39 E-mail: marek.kuzniak@uwr.edu.pl NIP: 8960005408&nbsp; REGON: 000001301&nbsp; Bank account: 71 1090 2503 0000 0006 3000 0004\" \/>\n<meta property=\"og:url\" content=\"https:\/\/cbkjk.uwr.edu.pl\/en\/contact\/\" \/>\n<meta property=\"og:site_name\" content=\"Centrum Bada\u0144 Kognitywnych nad J\u0119zykiem i Komunikacj\u0105\" \/>\n<meta property=\"article:modified_time\" content=\"2024-12-04T08:10:21+00:00\" \/>\n<meta property=\"og:image\" content=\"https:\/\/cbkjk.uwr.edu.pl\/wp-content\/uploads\/sites\/671\/2022\/11\/2016_gmach_Dominika-Hull_11.jpg\" \/>\n\t<meta property=\"og:image:width\" content=\"1600\" \/>\n\t<meta property=\"og:image:height\" content=\"998\" \/>\n\t<meta property=\"og:image:type\" content=\"image\/jpeg\" \/>\n<meta name=\"twitter:card\" content=\"summary_large_image\" \/>\n<meta name=\"twitter:label1\" content=\"Est. reading time\" \/>\n\t<meta name=\"twitter:data1\" content=\"2 minutes\" \/>\n<script type=\"application\/ld+json\" class=\"yoast-schema-graph\">{\"@context\":\"https:\/\/schema.org\",\"@graph\":[{\"@type\":\"WebPage\",\"@id\":\"https:\/\/cbkjk.uwr.edu.pl\/en\/contact\/\",\"url\":\"https:\/\/cbkjk.uwr.edu.pl\/en\/contact\/\",\"name\":\"Contact - Centrum Bada\u0144 Kognitywnych nad J\u0119zykiem i Komunikacj\u0105\",\"isPartOf\":{\"@id\":\"https:\/\/cbkjk.uwr.edu.pl\/#website\"},\"primaryImageOfPage\":{\"@id\":\"https:\/\/cbkjk.uwr.edu.pl\/en\/contact\/#primaryimage\"},\"image\":{\"@id\":\"https:\/\/cbkjk.uwr.edu.pl\/en\/contact\/#primaryimage\"},\"thumbnailUrl\":\"https:\/\/cbkjk.uwr.edu.pl\/wp-content\/uploads\/sites\/671\/2022\/11\/2016_gmach_Dominika-Hull_11-1024x639.jpg\",\"datePublished\":\"2021-04-12T09:14:16+00:00\",\"dateModified\":\"2024-12-04T08:10:21+00:00\",\"breadcrumb\":{\"@id\":\"https:\/\/cbkjk.uwr.edu.pl\/en\/contact\/#breadcrumb\"},\"inLanguage\":\"en-US\",\"potentialAction\":[{\"@type\":\"ReadAction\",\"target\":[\"https:\/\/cbkjk.uwr.edu.pl\/en\/contact\/\"]}]},{\"@type\":\"ImageObject\",\"inLanguage\":\"en-US\",\"@id\":\"https:\/\/cbkjk.uwr.edu.pl\/en\/contact\/#primaryimage\",\"url\":\"https:\/\/cbkjk.uwr.edu.pl\/wp-content\/uploads\/sites\/671\/2022\/11\/2016_gmach_Dominika-Hull_11-1024x639.jpg\",\"contentUrl\":\"https:\/\/cbkjk.uwr.edu.pl\/wp-content\/uploads\/sites\/671\/2022\/11\/2016_gmach_Dominika-Hull_11-1024x639.jpg\"},{\"@type\":\"BreadcrumbList\",\"@id\":\"https:\/\/cbkjk.uwr.edu.pl\/en\/contact\/#breadcrumb\",\"itemListElement\":[{\"@type\":\"ListItem\",\"position\":1,\"name\":\"Strona g\u0142\u00f3wna\",\"item\":\"https:\/\/cbkjk.uwr.edu.pl\/en\/\"},{\"@type\":\"ListItem\",\"position\":2,\"name\":\"Contact\"}]},{\"@type\":\"WebSite\",\"@id\":\"https:\/\/cbkjk.uwr.edu.pl\/#website\",\"url\":\"https:\/\/cbkjk.uwr.edu.pl\/\",\"name\":\"Centrum Bada\u0144 Kognitywnych nad J\u0119zykiem i Komunikacj\u0105\",\"description\":\"Kolejna witryna sieci \u201eUWR Witryny\u201d\",\"publisher\":{\"@id\":\"https:\/\/cbkjk.uwr.edu.pl\/#organization\"},\"potentialAction\":[{\"@type\":\"SearchAction\",\"target\":{\"@type\":\"EntryPoint\",\"urlTemplate\":\"https:\/\/cbkjk.uwr.edu.pl\/?s={search_term_string}\"},\"query-input\":{\"@type\":\"PropertyValueSpecification\",\"valueRequired\":true,\"valueName\":\"search_term_string\"}}],\"inLanguage\":\"en-US\"},{\"@type\":\"Organization\",\"@id\":\"https:\/\/cbkjk.uwr.edu.pl\/#organization\",\"name\":\"Centrum Bada\u0144 Kognitywnych nad J\u0119zykiem i Komunikacj\u0105\",\"url\":\"https:\/\/cbkjk.uwr.edu.pl\/\",\"logo\":{\"@type\":\"ImageObject\",\"inLanguage\":\"en-US\",\"@id\":\"https:\/\/cbkjk.uwr.edu.pl\/#\/schema\/logo\/image\/\",\"url\":\"https:\/\/cbkjk.uwr.edu.pl\/wp-content\/uploads\/sites\/671\/2025\/10\/UWr-logotyp-2025.png\",\"contentUrl\":\"https:\/\/cbkjk.uwr.edu.pl\/wp-content\/uploads\/sites\/671\/2025\/10\/UWr-logotyp-2025.png\",\"width\":764,\"height\":269,\"caption\":\"Centrum Bada\u0144 Kognitywnych nad J\u0119zykiem i Komunikacj\u0105\"},\"image\":{\"@id\":\"https:\/\/cbkjk.uwr.edu.pl\/#\/schema\/logo\/image\/\"}}]}<\/script>\n<!-- \/ Yoast SEO plugin. -->","yoast_head_json":{"title":"Contact - Centrum Bada\u0144 Kognitywnych nad J\u0119zykiem i Komunikacj\u0105","robots":{"index":"index","follow":"follow","max-snippet":"max-snippet:-1","max-image-preview":"max-image-preview:large","max-video-preview":"max-video-preview:-1"},"canonical":"https:\/\/cbkjk.uwr.edu.pl\/en\/contact\/","og_locale":"en_US","og_type":"article","og_title":"Contact - Centrum Bada\u0144 Kognitywnych nad J\u0119zykiem i Komunikacj\u0105","og_description":"Address: Ku\u017anicza 21-22, 50-138, Wroc\u0142aw, Poland Phone: +48 71 375 24 39 E-mail: marek.kuzniak@uwr.edu.pl NIP: 8960005408&nbsp; REGON: 000001301&nbsp; Bank account: 71 1090 2503 0000 0006 3000 0004","og_url":"https:\/\/cbkjk.uwr.edu.pl\/en\/contact\/","og_site_name":"Centrum Bada\u0144 Kognitywnych nad J\u0119zykiem i Komunikacj\u0105","article_modified_time":"2024-12-04T08:10:21+00:00","og_image":[{"width":1600,"height":998,"url":"https:\/\/cbkjk.uwr.edu.pl\/wp-content\/uploads\/sites\/671\/2022\/11\/2016_gmach_Dominika-Hull_11.jpg","type":"image\/jpeg"}],"twitter_card":"summary_large_image","twitter_misc":{"Est. reading time":"2 minutes"},"schema":{"@context":"https:\/\/schema.org","@graph":[{"@type":"WebPage","@id":"https:\/\/cbkjk.uwr.edu.pl\/en\/contact\/","url":"https:\/\/cbkjk.uwr.edu.pl\/en\/contact\/","name":"Contact - Centrum Bada\u0144 Kognitywnych nad J\u0119zykiem i Komunikacj\u0105","isPartOf":{"@id":"https:\/\/cbkjk.uwr.edu.pl\/#website"},"primaryImageOfPage":{"@id":"https:\/\/cbkjk.uwr.edu.pl\/en\/contact\/#primaryimage"},"image":{"@id":"https:\/\/cbkjk.uwr.edu.pl\/en\/contact\/#primaryimage"},"thumbnailUrl":"https:\/\/cbkjk.uwr.edu.pl\/wp-content\/uploads\/sites\/671\/2022\/11\/2016_gmach_Dominika-Hull_11-1024x639.jpg","datePublished":"2021-04-12T09:14:16+00:00","dateModified":"2024-12-04T08:10:21+00:00","breadcrumb":{"@id":"https:\/\/cbkjk.uwr.edu.pl\/en\/contact\/#breadcrumb"},"inLanguage":"en-US","potentialAction":[{"@type":"ReadAction","target":["https:\/\/cbkjk.uwr.edu.pl\/en\/contact\/"]}]},{"@type":"ImageObject","inLanguage":"en-US","@id":"https:\/\/cbkjk.uwr.edu.pl\/en\/contact\/#primaryimage","url":"https:\/\/cbkjk.uwr.edu.pl\/wp-content\/uploads\/sites\/671\/2022\/11\/2016_gmach_Dominika-Hull_11-1024x639.jpg","contentUrl":"https:\/\/cbkjk.uwr.edu.pl\/wp-content\/uploads\/sites\/671\/2022\/11\/2016_gmach_Dominika-Hull_11-1024x639.jpg"},{"@type":"BreadcrumbList","@id":"https:\/\/cbkjk.uwr.edu.pl\/en\/contact\/#breadcrumb","itemListElement":[{"@type":"ListItem","position":1,"name":"Strona g\u0142\u00f3wna","item":"https:\/\/cbkjk.uwr.edu.pl\/en\/"},{"@type":"ListItem","position":2,"name":"Contact"}]},{"@type":"WebSite","@id":"https:\/\/cbkjk.uwr.edu.pl\/#website","url":"https:\/\/cbkjk.uwr.edu.pl\/","name":"Centrum Bada\u0144 Kognitywnych nad J\u0119zykiem i Komunikacj\u0105","description":"Kolejna witryna sieci \u201eUWR Witryny\u201d","publisher":{"@id":"https:\/\/cbkjk.uwr.edu.pl\/#organization"},"potentialAction":[{"@type":"SearchAction","target":{"@type":"EntryPoint","urlTemplate":"https:\/\/cbkjk.uwr.edu.pl\/?s={search_term_string}"},"query-input":{"@type":"PropertyValueSpecification","valueRequired":true,"valueName":"search_term_string"}}],"inLanguage":"en-US"},{"@type":"Organization","@id":"https:\/\/cbkjk.uwr.edu.pl\/#organization","name":"Centrum Bada\u0144 Kognitywnych nad J\u0119zykiem i Komunikacj\u0105","url":"https:\/\/cbkjk.uwr.edu.pl\/","logo":{"@type":"ImageObject","inLanguage":"en-US","@id":"https:\/\/cbkjk.uwr.edu.pl\/#\/schema\/logo\/image\/","url":"https:\/\/cbkjk.uwr.edu.pl\/wp-content\/uploads\/sites\/671\/2025\/10\/UWr-logotyp-2025.png","contentUrl":"https:\/\/cbkjk.uwr.edu.pl\/wp-content\/uploads\/sites\/671\/2025\/10\/UWr-logotyp-2025.png","width":764,"height":269,"caption":"Centrum Bada\u0144 Kognitywnych nad J\u0119zykiem i Komunikacj\u0105"},"image":{"@id":"https:\/\/cbkjk.uwr.edu.pl\/#\/schema\/logo\/image\/"}}]}},"publishpress_future_action":{"enabled":false,"date":"2026-04-20 05:08:23","action":"change-status","newStatus":"draft","terms":[],"taxonomy":"category","extraData":[]},"publishpress_future_workflow_manual_trigger":{"enabledWorkflows":[]},"_links":{"self":[{"href":"https:\/\/cbkjk.uwr.edu.pl\/en\/wp-json\/wp\/v2\/pages\/25235\/"}],"collection":[{"href":"https:\/\/cbkjk.uwr.edu.pl\/en\/wp-json\/wp\/v2\/pages\/"}],"about":[{"href":"https:\/\/cbkjk.uwr.edu.pl\/en\/wp-json\/wp\/v2\/types\/page\/"}],"author":[{"embeddable":true,"href":"https:\/\/cbkjk.uwr.edu.pl\/en\/wp-json\/wp\/v2\/users\/20\/"}],"replies":[{"embeddable":true,"href":"https:\/\/cbkjk.uwr.edu.pl\/en\/wp-json\/wp\/v2\/comments\/?post=25235"}],"version-history":[{"count":3,"href":"https:\/\/cbkjk.uwr.edu.pl\/en\/wp-json\/wp\/v2\/pages\/25235\/revisions\/"}],"predecessor-version":[{"id":25319,"href":"https:\/\/cbkjk.uwr.edu.pl\/en\/wp-json\/wp\/v2\/pages\/25235\/revisions\/25319\/"}],"wp:attachment":[{"href":"https:\/\/cbkjk.uwr.edu.pl\/en\/wp-json\/wp\/v2\/media\/?parent=25235"}],"wp:term":[{"taxonomy":"category","embeddable":true,"href":"https:\/\/cbkjk.uwr.edu.pl\/en\/wp-json\/wp\/v2\/categories\/?post=25235"},{"taxonomy":"post_tag","embeddable":true,"href":"https:\/\/cbkjk.uwr.edu.pl\/en\/wp-json\/wp\/v2\/tags\/?post=25235"}],"curies":[{"name":"wp","href":"https:\/\/api.w.org\/{rel}","templated":true}]}}