{"id":25154,"date":"2024-11-20T13:29:29","date_gmt":"2024-11-20T12:29:29","guid":{"rendered":"https:\/\/cbkjk.uwr.edu.pl\/science\/conferences-cbkjk\/pojecie-kategoria-slowo-w-teorii-i-praktyce\/"},"modified":"2024-11-20T14:34:48","modified_gmt":"2024-11-20T13:34:48","slug":"concept-category-word-in-theory-and-practice","status":"publish","type":"page","link":"https:\/\/cbkjk.uwr.edu.pl\/en\/science\/conferences-cbkjk\/concept-category-word-in-theory-and-practice\/","title":{"rendered":"Concept \u2013 Category \u2013 Word in theory and practice"},"content":{"rendered":"\n<div class=\"alignfull wp-block-ugb-container ugb-container bs-konferencje-akordeony ugb-12c4a27 ugb-container--v2 ugb-container--design-plain ugb-main-block\"><style>@media screen and (min-width:768px){.ugb-12c4a27.ugb-container{margin-bottom:0px !important;padding-right:0px !important;padding-bottom:50px !important;padding-left:0px !important}}@media screen and (min-width:768px){.ugb-12c4a27 > .ugb-inner-block > .ugb-block-content > *{padding-top:0px !important;padding-bottom:0px !important;padding-right:0px !important;padding-left:0px !important}}<\/style><div class=\"ugb-inner-block\"><div class=\"ugb-block-content\"><div class=\"ugb-container__wrapper ugb-12c4a27-wrapper\"><div class=\"ugb-container__side\"><div class=\"ugb-container__content-wrapper ugb-12c4a27-content-wrapper\">\n<div class=\"wp-block-media-text alignwide is-stacked-on-mobile is-vertically-aligned-top is-image-fill bs-naglowek-szablonu-kolumny\"><figure class=\"wp-block-media-text__media\" style=\"background-image:url(https:\/\/cbkjk.uwr.edu.pl\/wp-content\/uploads\/sites\/671\/2024\/11\/mapa-slow-1024x238.webp);background-position:50% 50%\"><img loading=\"lazy\" decoding=\"async\" width=\"1024\" height=\"238\" src=\"https:\/\/cbkjk.uwr.edu.pl\/wp-content\/uploads\/sites\/671\/2024\/11\/mapa-slow-1024x238.webp\" alt=\"mapa s\u0142\u00f3w\" class=\"wp-image-24896 size-full\" srcset=\"https:\/\/cbkjk.uwr.edu.pl\/wp-content\/uploads\/sites\/671\/2024\/11\/mapa-slow-1024x238.webp 1024w, https:\/\/cbkjk.uwr.edu.pl\/wp-content\/uploads\/sites\/671\/2024\/11\/mapa-slow-300x70.webp 300w, https:\/\/cbkjk.uwr.edu.pl\/wp-content\/uploads\/sites\/671\/2024\/11\/mapa-slow-768x179.webp 768w, https:\/\/cbkjk.uwr.edu.pl\/wp-content\/uploads\/sites\/671\/2024\/11\/mapa-slow-1536x357.webp 1536w, https:\/\/cbkjk.uwr.edu.pl\/wp-content\/uploads\/sites\/671\/2024\/11\/mapa-slow-1320x307.webp 1320w, https:\/\/cbkjk.uwr.edu.pl\/wp-content\/uploads\/sites\/671\/2024\/11\/mapa-slow-24x6.webp 24w, https:\/\/cbkjk.uwr.edu.pl\/wp-content\/uploads\/sites\/671\/2024\/11\/mapa-slow-36x8.webp 36w, https:\/\/cbkjk.uwr.edu.pl\/wp-content\/uploads\/sites\/671\/2024\/11\/mapa-slow-48x11.webp 48w, https:\/\/cbkjk.uwr.edu.pl\/wp-content\/uploads\/sites\/671\/2024\/11\/mapa-slow.webp 1600w\" sizes=\"auto, (max-width: 1024px) 100vw, 1024px\" \/><\/figure><div class=\"wp-block-media-text__content\">\n<div class=\"wp-block-bonasoft-modular-breadcrumbs-block\"><div class=\"bs_add_breadcrumb_trail\"><\/div><\/div>\n\n\n\n<hr class=\"wp-block-separator has-text-color has-black-color has-css-opacity has-black-background-color has-background is-style-wide bs-border-kontakt\"\/>\n\n\n<h1 style=\"font-style:normal;font-weight:700;\" class=\"bs-naglowek-podstrony wp-block-post-title\">Concept \u2013 Category \u2013 Word in theory and practice<\/h1>\n\n\n<div style=\"height:50px\" aria-hidden=\"true\" class=\"wp-block-spacer\"><\/div>\n\n\n\n<p><strong>ON 5-6 APRIL 2019, THE INSTITUTE OF POLISH STUDIES INVITES TO A CONFERENCE CONCEPT \u2013 CATEGORY \u2013 WORD IN THEORY AND PRACTICE<\/strong>.<\/p>\n<\/div><\/div>\n\n\n\n<div class=\"wp-block-ugb-container ugb-container bs-strona-konferencje ugb-002ab8b ugb-container--v2 ugb-container--design-plain ugb-main-block\"><style>@media screen and (min-width:768px){.ugb-002ab8b.ugb-container{margin-bottom:0% !important;margin-right:6% !important;margin-left:6% !important}}@media screen and (min-width:768px){.ugb-002ab8b > .ugb-inner-block > .ugb-block-content > *{padding-top:0px !important;padding-bottom:0px !important;padding-right:0px !important;padding-left:0px !important}}<\/style><div class=\"ugb-inner-block\"><div class=\"ugb-block-content\"><div class=\"ugb-container__wrapper ugb-002ab8b-wrapper\"><div class=\"ugb-container__side\"><div class=\"ugb-container__content-wrapper ugb-002ab8b-content-wrapper\">\n<p>Registration of conference participants will begin on 5 April at 8.30 a.m. The proceedings will be opened at 8.45 a.m. in Nehringa s. by dr hab. Pawe\u0142 Kaczy\u0144ski, prof. UWr, director of the Institute of Polish Studies.<\/p>\n\n\n\n<p>SCIENTIFIC COMMITTEE<br>Prof. dr hab. Alicja Nag\u00f3rko, Humboldt-Universit\u00e4t zu Berlin<br>Prof. dr hab. Krystyna Kleszczowa, Institute of Polish Language U\u015a<br>Prof. dr hab. Tadeusz Piotrowski, Polish Academy of Sciences, Institute of English Studies<br>Prof. dr hab. Tadeusz Zg\u00f3\u0142ka, Institute of Polish Studies UAM<br>Prof. dr hab. Miros\u0142aw Ba\u0144ko, Institute of Polish Studies UW<br>Prof. dr hab. W\u0142odzimierz Gruszczy\u0144ski, SWPS Humanities and Social Sciences University<br>Prof. dr hab. El\u017cbieta S\u0119kowska, Institute of Applied Polish Studies, University of Warsaw<br>Prof. dr hab. Ryszard Tokarski, Institute of Polish Studies UMCS<br>Prof. dr hab. Aldona Skudrzyk, Institute of Polish Studies U\u015a<br>Dr hab. Waldemar \u017barski, prof. UWr , Institute of Polish Studies UWr<br>Dr hab. Agnieszka Libura, prof. UWr, Institute of Polish Studies UWr<br>Dr hab. Magdalena Pastuch, Prof. U\u015a, Institute of Polish Studies<br>Dr hab. Maria Krauz, Prof. UR, Institute of Polish Studies and Journalism, UW<br>Dr hab. El\u017cbieta Jamrozik, Prof. UW, Institute of Specialist and Intercultural Communication<br>Dr hab. Dorota Zdunkiewicz-Jedynak, Institute of Polish Studies UW<br>Dr hab. Katarzyna K\u0142osi\u0144ska, Institute of Polish Studies , UW<\/p>\n\n\n\n<p>ORGANISATIONAL COMMITTEE<br>Dr hab. Waldemar \u017barski, prof. UWr \u2013 Chairman of the Organising Committee, phone: 71 375 25 58, email address: waldemar.zarski@uwr.edu.pl<br>Mgr Adam Dombrowski \u2013 Secretary of the Conference, phone: 662 320 029, email address: adam.dombrowski@uwr.edu.pl<br>Mgr Maria Rudnicka, UWr<br>Mgr Anna \u015aliwicka, UWr<br>Mgr Natalia Dobrzeniecka, UWr<\/p>\n<\/div><\/div><\/div><\/div><\/div><\/div>\n<\/div><\/div><\/div><\/div><\/div><\/div>\n","protected":false},"excerpt":{"rendered":"<p>ON 5-6 APRIL 2019, THE INSTITUTE OF POLISH STUDIES INVITES TO A CONFERENCE CONCEPT \u2013 CATEGORY \u2013 WORD IN THEORY AND PRACTICE.<\/p>\n","protected":false},"author":37,"featured_media":24899,"parent":25139,"menu_order":1,"comment_status":"closed","ping_status":"closed","template":"","meta":{"_acf_changed":false,"inline_featured_image":false,"site-sidebar-layout":"default","site-content-layout":"","ast-site-content-layout":"default","site-content-style":"default","site-sidebar-style":"default","ast-global-header-display":"","ast-banner-title-visibility":"","ast-main-header-display":"","ast-hfb-above-header-display":"","ast-hfb-below-header-display":"","ast-hfb-mobile-header-display":"","site-post-title":"","ast-breadcrumbs-content":"","ast-featured-img":"","footer-sml-layout":"","ast-disable-related-posts":"","theme-transparent-header-meta":"","adv-header-id-meta":"","stick-header-meta":"","header-above-stick-meta":"","header-main-stick-meta":"","header-below-stick-meta":"","astra-migrate-meta-layouts":"set","ast-page-background-enabled":"default","ast-page-background-meta":{"desktop":{"background-color":"","background-image":"","background-repeat":"repeat","background-position":"center center","background-size":"auto","background-attachment":"scroll","background-type":"","background-media":"","overlay-type":"","overlay-color":"","overlay-opacity":"","overlay-gradient":""},"tablet":{"background-color":"","background-image":"","background-repeat":"repeat","background-position":"center center","background-size":"auto","background-attachment":"scroll","background-type":"","background-media":"","overlay-type":"","overlay-color":"","overlay-opacity":"","overlay-gradient":""},"mobile":{"background-color":"","background-image":"","background-repeat":"repeat","background-position":"center center","background-size":"auto","background-attachment":"scroll","background-type":"","background-media":"","overlay-type":"","overlay-color":"","overlay-opacity":"","overlay-gradient":""}},"ast-content-background-meta":{"desktop":{"background-color":"var(--ast-global-color-5)","background-image":"","background-repeat":"repeat","background-position":"center center","background-size":"auto","background-attachment":"scroll","background-type":"","background-media":"","overlay-type":"","overlay-color":"","overlay-opacity":"","overlay-gradient":""},"tablet":{"background-color":"var(--ast-global-color-5)","background-image":"","background-repeat":"repeat","background-position":"center center","background-size":"auto","background-attachment":"scroll","background-type":"","background-media":"","overlay-type":"","overlay-color":"","overlay-opacity":"","overlay-gradient":""},"mobile":{"background-color":"var(--ast-global-color-5)","background-image":"","background-repeat":"repeat","background-position":"center center","background-size":"auto","background-attachment":"scroll","background-type":"","background-media":"","overlay-type":"","overlay-color":"","overlay-opacity":"","overlay-gradient":""}},"footnotes":""},"categories":[263],"tags":[],"class_list":["post-25154","page","type-page","status-publish","has-post-thumbnail","hentry","category-konferencje-en"],"featured_image_urls_v2":{"full":["https:\/\/cbkjk.uwr.edu.pl\/wp-content\/uploads\/sites\/671\/2024\/11\/mapa-slow.webp",1600,372,false],"thumbnail":["https:\/\/cbkjk.uwr.edu.pl\/wp-content\/uploads\/sites\/671\/2024\/11\/mapa-slow-150x150.webp",150,150,true],"medium":["https:\/\/cbkjk.uwr.edu.pl\/wp-content\/uploads\/sites\/671\/2024\/11\/mapa-slow-300x70.webp",300,70,true],"medium_large":["https:\/\/cbkjk.uwr.edu.pl\/wp-content\/uploads\/sites\/671\/2024\/11\/mapa-slow-768x179.webp",768,179,true],"large":["https:\/\/cbkjk.uwr.edu.pl\/wp-content\/uploads\/sites\/671\/2024\/11\/mapa-slow-1024x238.webp",1024,238,true],"1536x1536":["https:\/\/cbkjk.uwr.edu.pl\/wp-content\/uploads\/sites\/671\/2024\/11\/mapa-slow-1536x357.webp",1536,357,true],"2048x2048":["https:\/\/cbkjk.uwr.edu.pl\/wp-content\/uploads\/sites\/671\/2024\/11\/mapa-slow.webp",1600,372,false],"menu-24x24":["https:\/\/cbkjk.uwr.edu.pl\/wp-content\/uploads\/sites\/671\/2024\/11\/mapa-slow-24x6.webp",24,6,true],"menu-36x36":["https:\/\/cbkjk.uwr.edu.pl\/wp-content\/uploads\/sites\/671\/2024\/11\/mapa-slow-36x8.webp",36,8,true],"menu-48x48":["https:\/\/cbkjk.uwr.edu.pl\/wp-content\/uploads\/sites\/671\/2024\/11\/mapa-slow-48x11.webp",48,11,true]},"post_excerpt_stackable_v2":"<p>ON 5-6 APRIL 2019, THE INSTITUTE OF POLISH STUDIES INVITES TO A CONFERENCE CONCEPT \u2013 CATEGORY \u2013 WORD IN THEORY AND PRACTICE.<\/p>\n","category_list_v2":"<a href=\"https:\/\/cbkjk.uwr.edu.pl\/en\/category\/konferencje-en\/\" rel=\"category tag\">Konferencje<\/a>","author_info_v2":{"name":"Izabela Jaraszek","url":"https:\/\/cbkjk.uwr.edu.pl\/en\/author\/ijaraszek\/"},"comments_num_v2":"0 comments","acf":[],"yoast_head":"<!-- This site is optimized with the Yoast SEO plugin v27.1.1 - https:\/\/yoast.com\/product\/yoast-seo-wordpress\/ -->\n<title>Concept \u2013 Category \u2013 Word in theory and practice - Centrum Bada\u0144 Kognitywnych nad J\u0119zykiem i Komunikacj\u0105<\/title>\n<meta name=\"robots\" content=\"index, follow, max-snippet:-1, max-image-preview:large, max-video-preview:-1\" \/>\n<link rel=\"canonical\" href=\"https:\/\/cbkjk.uwr.edu.pl\/en\/science\/conferences-cbkjk\/concept-category-word-in-theory-and-practice\/\" \/>\n<meta property=\"og:locale\" content=\"en_US\" \/>\n<meta property=\"og:type\" content=\"article\" \/>\n<meta property=\"og:title\" content=\"Concept \u2013 Category \u2013 Word in theory and practice - Centrum Bada\u0144 Kognitywnych nad J\u0119zykiem i Komunikacj\u0105\" \/>\n<meta property=\"og:description\" content=\"ON 5-6 APRIL 2019, THE INSTITUTE OF POLISH STUDIES INVITES TO A CONFERENCE CONCEPT \u2013 CATEGORY \u2013 WORD IN THEORY AND PRACTICE.\" \/>\n<meta property=\"og:url\" content=\"https:\/\/cbkjk.uwr.edu.pl\/en\/science\/conferences-cbkjk\/concept-category-word-in-theory-and-practice\/\" \/>\n<meta property=\"og:site_name\" content=\"Centrum Bada\u0144 Kognitywnych nad J\u0119zykiem i Komunikacj\u0105\" \/>\n<meta property=\"article:modified_time\" content=\"2024-11-20T13:34:48+00:00\" \/>\n<meta property=\"og:image\" content=\"https:\/\/cbkjk.uwr.edu.pl\/wp-content\/uploads\/sites\/671\/2024\/11\/mapa-slow.webp\" \/>\n\t<meta property=\"og:image:width\" content=\"1600\" \/>\n\t<meta property=\"og:image:height\" content=\"372\" \/>\n\t<meta property=\"og:image:type\" content=\"image\/webp\" \/>\n<meta name=\"twitter:card\" content=\"summary_large_image\" \/>\n<meta name=\"twitter:label1\" content=\"Est. reading time\" \/>\n\t<meta name=\"twitter:data1\" content=\"3 minutes\" \/>\n<script type=\"application\/ld+json\" class=\"yoast-schema-graph\">{\"@context\":\"https:\/\/schema.org\",\"@graph\":[{\"@type\":\"WebPage\",\"@id\":\"https:\/\/cbkjk.uwr.edu.pl\/en\/science\/conferences-cbkjk\/concept-category-word-in-theory-and-practice\/\",\"url\":\"https:\/\/cbkjk.uwr.edu.pl\/en\/science\/conferences-cbkjk\/concept-category-word-in-theory-and-practice\/\",\"name\":\"Concept \u2013 Category \u2013 Word in theory and practice - Centrum Bada\u0144 Kognitywnych nad J\u0119zykiem i Komunikacj\u0105\",\"isPartOf\":{\"@id\":\"https:\/\/cbkjk.uwr.edu.pl\/#website\"},\"primaryImageOfPage\":{\"@id\":\"https:\/\/cbkjk.uwr.edu.pl\/en\/science\/conferences-cbkjk\/concept-category-word-in-theory-and-practice\/#primaryimage\"},\"image\":{\"@id\":\"https:\/\/cbkjk.uwr.edu.pl\/en\/science\/conferences-cbkjk\/concept-category-word-in-theory-and-practice\/#primaryimage\"},\"thumbnailUrl\":\"https:\/\/cbkjk.uwr.edu.pl\/wp-content\/uploads\/sites\/671\/2024\/11\/mapa-slow.webp\",\"datePublished\":\"2024-11-20T12:29:29+00:00\",\"dateModified\":\"2024-11-20T13:34:48+00:00\",\"breadcrumb\":{\"@id\":\"https:\/\/cbkjk.uwr.edu.pl\/en\/science\/conferences-cbkjk\/concept-category-word-in-theory-and-practice\/#breadcrumb\"},\"inLanguage\":\"en-US\",\"potentialAction\":[{\"@type\":\"ReadAction\",\"target\":[\"https:\/\/cbkjk.uwr.edu.pl\/en\/science\/conferences-cbkjk\/concept-category-word-in-theory-and-practice\/\"]}]},{\"@type\":\"ImageObject\",\"inLanguage\":\"en-US\",\"@id\":\"https:\/\/cbkjk.uwr.edu.pl\/en\/science\/conferences-cbkjk\/concept-category-word-in-theory-and-practice\/#primaryimage\",\"url\":\"https:\/\/cbkjk.uwr.edu.pl\/wp-content\/uploads\/sites\/671\/2024\/11\/mapa-slow.webp\",\"contentUrl\":\"https:\/\/cbkjk.uwr.edu.pl\/wp-content\/uploads\/sites\/671\/2024\/11\/mapa-slow.webp\",\"width\":1600,\"height\":372},{\"@type\":\"BreadcrumbList\",\"@id\":\"https:\/\/cbkjk.uwr.edu.pl\/en\/science\/conferences-cbkjk\/concept-category-word-in-theory-and-practice\/#breadcrumb\",\"itemListElement\":[{\"@type\":\"ListItem\",\"position\":1,\"name\":\"Strona g\u0142\u00f3wna\",\"item\":\"https:\/\/cbkjk.uwr.edu.pl\/en\/\"},{\"@type\":\"ListItem\",\"position\":2,\"name\":\"Science\",\"item\":\"https:\/\/cbkjk.uwr.edu.pl\/en\/science\/\"},{\"@type\":\"ListItem\",\"position\":3,\"name\":\"Conferences\",\"item\":\"https:\/\/cbkjk.uwr.edu.pl\/en\/science\/conferences-cbkjk\/\"},{\"@type\":\"ListItem\",\"position\":4,\"name\":\"Concept \u2013 Category \u2013 Word in theory and practice\"}]},{\"@type\":\"WebSite\",\"@id\":\"https:\/\/cbkjk.uwr.edu.pl\/#website\",\"url\":\"https:\/\/cbkjk.uwr.edu.pl\/\",\"name\":\"Centrum Bada\u0144 Kognitywnych nad J\u0119zykiem i Komunikacj\u0105\",\"description\":\"Kolejna witryna sieci \u201eUWR Witryny\u201d\",\"publisher\":{\"@id\":\"https:\/\/cbkjk.uwr.edu.pl\/#organization\"},\"potentialAction\":[{\"@type\":\"SearchAction\",\"target\":{\"@type\":\"EntryPoint\",\"urlTemplate\":\"https:\/\/cbkjk.uwr.edu.pl\/?s={search_term_string}\"},\"query-input\":{\"@type\":\"PropertyValueSpecification\",\"valueRequired\":true,\"valueName\":\"search_term_string\"}}],\"inLanguage\":\"en-US\"},{\"@type\":\"Organization\",\"@id\":\"https:\/\/cbkjk.uwr.edu.pl\/#organization\",\"name\":\"Centrum Bada\u0144 Kognitywnych nad J\u0119zykiem i Komunikacj\u0105\",\"url\":\"https:\/\/cbkjk.uwr.edu.pl\/\",\"logo\":{\"@type\":\"ImageObject\",\"inLanguage\":\"en-US\",\"@id\":\"https:\/\/cbkjk.uwr.edu.pl\/#\/schema\/logo\/image\/\",\"url\":\"https:\/\/cbkjk.uwr.edu.pl\/wp-content\/uploads\/sites\/671\/2025\/10\/UWr-logotyp-2025.png\",\"contentUrl\":\"https:\/\/cbkjk.uwr.edu.pl\/wp-content\/uploads\/sites\/671\/2025\/10\/UWr-logotyp-2025.png\",\"width\":764,\"height\":269,\"caption\":\"Centrum Bada\u0144 Kognitywnych nad J\u0119zykiem i Komunikacj\u0105\"},\"image\":{\"@id\":\"https:\/\/cbkjk.uwr.edu.pl\/#\/schema\/logo\/image\/\"}}]}<\/script>\n<!-- \/ Yoast SEO plugin. -->","yoast_head_json":{"title":"Concept \u2013 Category \u2013 Word in theory and practice - Centrum Bada\u0144 Kognitywnych nad J\u0119zykiem i Komunikacj\u0105","robots":{"index":"index","follow":"follow","max-snippet":"max-snippet:-1","max-image-preview":"max-image-preview:large","max-video-preview":"max-video-preview:-1"},"canonical":"https:\/\/cbkjk.uwr.edu.pl\/en\/science\/conferences-cbkjk\/concept-category-word-in-theory-and-practice\/","og_locale":"en_US","og_type":"article","og_title":"Concept \u2013 Category \u2013 Word in theory and practice - Centrum Bada\u0144 Kognitywnych nad J\u0119zykiem i Komunikacj\u0105","og_description":"ON 5-6 APRIL 2019, THE INSTITUTE OF POLISH STUDIES INVITES TO A CONFERENCE CONCEPT \u2013 CATEGORY \u2013 WORD IN THEORY AND PRACTICE.","og_url":"https:\/\/cbkjk.uwr.edu.pl\/en\/science\/conferences-cbkjk\/concept-category-word-in-theory-and-practice\/","og_site_name":"Centrum Bada\u0144 Kognitywnych nad J\u0119zykiem i Komunikacj\u0105","article_modified_time":"2024-11-20T13:34:48+00:00","og_image":[{"width":1600,"height":372,"url":"https:\/\/cbkjk.uwr.edu.pl\/wp-content\/uploads\/sites\/671\/2024\/11\/mapa-slow.webp","type":"image\/webp"}],"twitter_card":"summary_large_image","twitter_misc":{"Est. reading time":"3 minutes"},"schema":{"@context":"https:\/\/schema.org","@graph":[{"@type":"WebPage","@id":"https:\/\/cbkjk.uwr.edu.pl\/en\/science\/conferences-cbkjk\/concept-category-word-in-theory-and-practice\/","url":"https:\/\/cbkjk.uwr.edu.pl\/en\/science\/conferences-cbkjk\/concept-category-word-in-theory-and-practice\/","name":"Concept \u2013 Category \u2013 Word in theory and practice - Centrum Bada\u0144 Kognitywnych nad J\u0119zykiem i Komunikacj\u0105","isPartOf":{"@id":"https:\/\/cbkjk.uwr.edu.pl\/#website"},"primaryImageOfPage":{"@id":"https:\/\/cbkjk.uwr.edu.pl\/en\/science\/conferences-cbkjk\/concept-category-word-in-theory-and-practice\/#primaryimage"},"image":{"@id":"https:\/\/cbkjk.uwr.edu.pl\/en\/science\/conferences-cbkjk\/concept-category-word-in-theory-and-practice\/#primaryimage"},"thumbnailUrl":"https:\/\/cbkjk.uwr.edu.pl\/wp-content\/uploads\/sites\/671\/2024\/11\/mapa-slow.webp","datePublished":"2024-11-20T12:29:29+00:00","dateModified":"2024-11-20T13:34:48+00:00","breadcrumb":{"@id":"https:\/\/cbkjk.uwr.edu.pl\/en\/science\/conferences-cbkjk\/concept-category-word-in-theory-and-practice\/#breadcrumb"},"inLanguage":"en-US","potentialAction":[{"@type":"ReadAction","target":["https:\/\/cbkjk.uwr.edu.pl\/en\/science\/conferences-cbkjk\/concept-category-word-in-theory-and-practice\/"]}]},{"@type":"ImageObject","inLanguage":"en-US","@id":"https:\/\/cbkjk.uwr.edu.pl\/en\/science\/conferences-cbkjk\/concept-category-word-in-theory-and-practice\/#primaryimage","url":"https:\/\/cbkjk.uwr.edu.pl\/wp-content\/uploads\/sites\/671\/2024\/11\/mapa-slow.webp","contentUrl":"https:\/\/cbkjk.uwr.edu.pl\/wp-content\/uploads\/sites\/671\/2024\/11\/mapa-slow.webp","width":1600,"height":372},{"@type":"BreadcrumbList","@id":"https:\/\/cbkjk.uwr.edu.pl\/en\/science\/conferences-cbkjk\/concept-category-word-in-theory-and-practice\/#breadcrumb","itemListElement":[{"@type":"ListItem","position":1,"name":"Strona g\u0142\u00f3wna","item":"https:\/\/cbkjk.uwr.edu.pl\/en\/"},{"@type":"ListItem","position":2,"name":"Science","item":"https:\/\/cbkjk.uwr.edu.pl\/en\/science\/"},{"@type":"ListItem","position":3,"name":"Conferences","item":"https:\/\/cbkjk.uwr.edu.pl\/en\/science\/conferences-cbkjk\/"},{"@type":"ListItem","position":4,"name":"Concept \u2013 Category \u2013 Word in theory and practice"}]},{"@type":"WebSite","@id":"https:\/\/cbkjk.uwr.edu.pl\/#website","url":"https:\/\/cbkjk.uwr.edu.pl\/","name":"Centrum Bada\u0144 Kognitywnych nad J\u0119zykiem i Komunikacj\u0105","description":"Kolejna witryna sieci \u201eUWR Witryny\u201d","publisher":{"@id":"https:\/\/cbkjk.uwr.edu.pl\/#organization"},"potentialAction":[{"@type":"SearchAction","target":{"@type":"EntryPoint","urlTemplate":"https:\/\/cbkjk.uwr.edu.pl\/?s={search_term_string}"},"query-input":{"@type":"PropertyValueSpecification","valueRequired":true,"valueName":"search_term_string"}}],"inLanguage":"en-US"},{"@type":"Organization","@id":"https:\/\/cbkjk.uwr.edu.pl\/#organization","name":"Centrum Bada\u0144 Kognitywnych nad J\u0119zykiem i Komunikacj\u0105","url":"https:\/\/cbkjk.uwr.edu.pl\/","logo":{"@type":"ImageObject","inLanguage":"en-US","@id":"https:\/\/cbkjk.uwr.edu.pl\/#\/schema\/logo\/image\/","url":"https:\/\/cbkjk.uwr.edu.pl\/wp-content\/uploads\/sites\/671\/2025\/10\/UWr-logotyp-2025.png","contentUrl":"https:\/\/cbkjk.uwr.edu.pl\/wp-content\/uploads\/sites\/671\/2025\/10\/UWr-logotyp-2025.png","width":764,"height":269,"caption":"Centrum Bada\u0144 Kognitywnych nad J\u0119zykiem i Komunikacj\u0105"},"image":{"@id":"https:\/\/cbkjk.uwr.edu.pl\/#\/schema\/logo\/image\/"}}]}},"publishpress_future_action":{"enabled":false,"date":"2026-04-20 06:58:21","action":"change-status","newStatus":"draft","terms":[],"taxonomy":"category","extraData":[]},"publishpress_future_workflow_manual_trigger":{"enabledWorkflows":[]},"_links":{"self":[{"href":"https:\/\/cbkjk.uwr.edu.pl\/en\/wp-json\/wp\/v2\/pages\/25154\/"}],"collection":[{"href":"https:\/\/cbkjk.uwr.edu.pl\/en\/wp-json\/wp\/v2\/pages\/"}],"about":[{"href":"https:\/\/cbkjk.uwr.edu.pl\/en\/wp-json\/wp\/v2\/types\/page\/"}],"author":[{"embeddable":true,"href":"https:\/\/cbkjk.uwr.edu.pl\/en\/wp-json\/wp\/v2\/users\/37\/"}],"replies":[{"embeddable":true,"href":"https:\/\/cbkjk.uwr.edu.pl\/en\/wp-json\/wp\/v2\/comments\/?post=25154"}],"version-history":[{"count":1,"href":"https:\/\/cbkjk.uwr.edu.pl\/en\/wp-json\/wp\/v2\/pages\/25154\/revisions\/"}],"predecessor-version":[{"id":25163,"href":"https:\/\/cbkjk.uwr.edu.pl\/en\/wp-json\/wp\/v2\/pages\/25154\/revisions\/25163\/"}],"up":[{"embeddable":true,"href":"https:\/\/cbkjk.uwr.edu.pl\/en\/wp-json\/wp\/v2\/pages\/25139\/"}],"wp:featuredmedia":[{"embeddable":true,"href":"https:\/\/cbkjk.uwr.edu.pl\/en\/wp-json\/wp\/v2\/media\/24899\/"}],"wp:attachment":[{"href":"https:\/\/cbkjk.uwr.edu.pl\/en\/wp-json\/wp\/v2\/media\/?parent=25154"}],"wp:term":[{"taxonomy":"category","embeddable":true,"href":"https:\/\/cbkjk.uwr.edu.pl\/en\/wp-json\/wp\/v2\/categories\/?post=25154"},{"taxonomy":"post_tag","embeddable":true,"href":"https:\/\/cbkjk.uwr.edu.pl\/en\/wp-json\/wp\/v2\/tags\/?post=25154"}],"curies":[{"name":"wp","href":"https:\/\/api.w.org\/{rel}","templated":true}]}}