{"id":25151,"date":"2024-11-20T13:39:09","date_gmt":"2024-11-20T12:39:09","guid":{"rendered":"https:\/\/cbkjk.uwr.edu.pl\/science\/conferences-cbkjk\/dwujezycznosc-w-polsce-i-za-granica\/"},"modified":"2024-11-20T14:34:51","modified_gmt":"2024-11-20T13:34:51","slug":"bilingualism-in-poland-and-abroad","status":"publish","type":"page","link":"https:\/\/cbkjk.uwr.edu.pl\/en\/science\/conferences-cbkjk\/bilingualism-in-poland-and-abroad\/","title":{"rendered":"Bilingualism in Poland and abroad"},"content":{"rendered":"\n<div class=\"alignfull wp-block-ugb-container ugb-container bs-konferencje-akordeony ugb-12c4a27 ugb-container--v2 ugb-container--design-plain ugb-main-block\"><style>@media screen and (min-width:768px){.ugb-12c4a27.ugb-container{margin-bottom:0px !important;padding-right:0px !important;padding-bottom:50px !important;padding-left:0px !important}}@media screen and (min-width:768px){.ugb-12c4a27 > .ugb-inner-block > .ugb-block-content > *{padding-top:0px !important;padding-bottom:0px !important;padding-right:0px !important;padding-left:0px !important}}<\/style><div class=\"ugb-inner-block\"><div class=\"ugb-block-content\"><div class=\"ugb-container__wrapper ugb-12c4a27-wrapper\"><div class=\"ugb-container__side\"><div class=\"ugb-container__content-wrapper ugb-12c4a27-content-wrapper\">\n<div class=\"wp-block-media-text alignwide is-stacked-on-mobile is-vertically-aligned-top is-image-fill bs-naglowek-szablonu-kolumny\"><figure class=\"wp-block-media-text__media\" style=\"background-image:url(https:\/\/cbkjk.uwr.edu.pl\/wp-content\/uploads\/sites\/671\/2024\/11\/Jezyki-1024x576.png);background-position:50% 50%\"><img loading=\"lazy\" decoding=\"async\" width=\"1024\" height=\"576\" src=\"https:\/\/cbkjk.uwr.edu.pl\/wp-content\/uploads\/sites\/671\/2024\/11\/Jezyki-1024x576.png\" alt=\"J\u0119zyki\" class=\"wp-image-24926 size-full\" srcset=\"https:\/\/cbkjk.uwr.edu.pl\/wp-content\/uploads\/sites\/671\/2024\/11\/Jezyki-1024x576.png 1024w, https:\/\/cbkjk.uwr.edu.pl\/wp-content\/uploads\/sites\/671\/2024\/11\/Jezyki-300x169.png 300w, https:\/\/cbkjk.uwr.edu.pl\/wp-content\/uploads\/sites\/671\/2024\/11\/Jezyki-768x432.png 768w, https:\/\/cbkjk.uwr.edu.pl\/wp-content\/uploads\/sites\/671\/2024\/11\/Jezyki-1536x864.png 1536w, https:\/\/cbkjk.uwr.edu.pl\/wp-content\/uploads\/sites\/671\/2024\/11\/Jezyki-1320x743.png 1320w, https:\/\/cbkjk.uwr.edu.pl\/wp-content\/uploads\/sites\/671\/2024\/11\/Jezyki-24x14.png 24w, https:\/\/cbkjk.uwr.edu.pl\/wp-content\/uploads\/sites\/671\/2024\/11\/Jezyki-36x20.png 36w, https:\/\/cbkjk.uwr.edu.pl\/wp-content\/uploads\/sites\/671\/2024\/11\/Jezyki-48x27.png 48w, https:\/\/cbkjk.uwr.edu.pl\/wp-content\/uploads\/sites\/671\/2024\/11\/Jezyki.png 1920w\" sizes=\"auto, (max-width: 1024px) 100vw, 1024px\" \/><\/figure><div class=\"wp-block-media-text__content\">\n<div class=\"wp-block-bonasoft-modular-breadcrumbs-block\"><div class=\"bs_add_breadcrumb_trail\"><\/div><\/div>\n\n\n\n<hr class=\"wp-block-separator has-text-color has-black-color has-css-opacity has-black-background-color has-background is-style-wide bs-border-kontakt\"\/>\n\n\n<h1 style=\"font-style:normal;font-weight:700;\" class=\"bs-naglowek-podstrony wp-block-post-title\">Bilingualism in Poland and abroad<\/h1>\n\n\n<div style=\"height:50px\" aria-hidden=\"true\" class=\"wp-block-spacer\"><\/div>\n\n\n\n<p><strong>SINCE THE MID-20TH CENTURY, THE PHENOMENA OF BILINGUALISM AND LANGUAGE CONTACT HAVE BEEN THE SUBJECT OF LIVELY DISCUSSIONS AMONG LINGUISTS. THIS AREA OF RESEARCH HAS ALSO BEEN WIDELY DISCUSSED IN RELATION TO POLISH BILINGUALISM BOTH IN POLAND AND ABROAD.<\/strong><\/p>\n<\/div><\/div>\n\n\n\n<div class=\"wp-block-ugb-container ugb-container bs-strona-konferencje ugb-002ab8b ugb-container--v2 ugb-container--design-plain ugb-main-block\"><style>@media screen and (min-width:768px){.ugb-002ab8b.ugb-container{margin-bottom:0% !important;margin-right:6% !important;margin-left:6% !important}}@media screen and (min-width:768px){.ugb-002ab8b > .ugb-inner-block > .ugb-block-content > *{padding-top:0px !important;padding-bottom:0px !important;padding-right:0px !important;padding-left:0px !important}}<\/style><div class=\"ugb-inner-block\"><div class=\"ugb-block-content\"><div class=\"ugb-container__wrapper ugb-002ab8b-wrapper\"><div class=\"ugb-container__side\"><div class=\"ugb-container__content-wrapper ugb-002ab8b-content-wrapper\">\n<p>Recently, the development of research in this field is connected to the increase in the number of bilingual Polish families, which in turn is a consequence of Poland\u2019s accession to the EU in 2004 and the revival of migration processes. Currently, families with bilingual experience live abroad or migrate back to Poland. More and more researchers are investigating related issues in different linguistic and social environments, where Polish is one of the languages involved in the act of communication.<\/p>\n\n\n\n<p>In response to the growing interest in the problems of Polish bilingualism in Poland and abroad, we invited both researchers and teachers, representing various fields and working with bilingual people, to an international conference organised by the Institutes of Polish and Romance Philology of the University of Wroc\u0142aw. The event provided an opportunity for discussion, exchange of insights, research results and presentation of practical solutions for educational programmes in the context of various aspects of Polish bilingualism.<\/p>\n\n\n\n<p>The International Conference&nbsp;<strong>Bilingualism in Poland and Abroad<\/strong>&nbsp;took place on 24-25 May 2019. At the Institute of Polish Philology in the heart of Wroc\u0142aw. It was attended by researchers from different areas of knowledge, and the papers presented addressed the following topics related to Polish bilingualism in Poland and abroad:<\/p>\n\n\n\n<ul class=\"wp-block-list\">\n<li>Polish as an inherited language<\/li>\n\n\n\n<li>Language acquisition in bilingual children in Poland and abroad<\/li>\n\n\n\n<li>Linguistics of contact (code-switching, interference, borrowing, etc.<\/li>\n\n\n\n<li>Linguistic image of the world of bilingual people<\/li>\n\n\n\n<li>Psychological aspects of bilingualism<\/li>\n\n\n\n<li>Cognitive research on bilingualism<\/li>\n\n\n\n<li>Social-cultural aspects of bilingualism<\/li>\n\n\n\n<li>Logopaedics at work with bilingual children<\/li>\n\n\n\n<li>Language of Polish migrants<\/li>\n<\/ul>\n<\/div><\/div><\/div><\/div><\/div><\/div>\n<\/div><\/div><\/div><\/div><\/div><\/div>\n","protected":false},"excerpt":{"rendered":"<p>SINCE THE MID-20TH CENTURY, THE PHENOMENA OF BILINGUALISM AND LANGUAGE CONTACT HAVE BEEN THE SUBJECT OF LIVELY DISCUSSIONS AMONG LINGUISTS. THIS AREA OF RESEARCH HAS ALSO BEEN WIDELY DISCUSSED IN RELATION TO POLISH BILINGUALISM BOTH IN POLAND AND ABROAD.<\/p>\n","protected":false},"author":37,"featured_media":24929,"parent":25139,"menu_order":2,"comment_status":"closed","ping_status":"closed","template":"","meta":{"_acf_changed":false,"inline_featured_image":false,"site-sidebar-layout":"default","site-content-layout":"","ast-site-content-layout":"default","site-content-style":"default","site-sidebar-style":"default","ast-global-header-display":"","ast-banner-title-visibility":"","ast-main-header-display":"","ast-hfb-above-header-display":"","ast-hfb-below-header-display":"","ast-hfb-mobile-header-display":"","site-post-title":"","ast-breadcrumbs-content":"","ast-featured-img":"","footer-sml-layout":"","ast-disable-related-posts":"","theme-transparent-header-meta":"","adv-header-id-meta":"","stick-header-meta":"","header-above-stick-meta":"","header-main-stick-meta":"","header-below-stick-meta":"","astra-migrate-meta-layouts":"set","ast-page-background-enabled":"default","ast-page-background-meta":{"desktop":{"background-color":"","background-image":"","background-repeat":"repeat","background-position":"center center","background-size":"auto","background-attachment":"scroll","background-type":"","background-media":"","overlay-type":"","overlay-color":"","overlay-opacity":"","overlay-gradient":""},"tablet":{"background-color":"","background-image":"","background-repeat":"repeat","background-position":"center center","background-size":"auto","background-attachment":"scroll","background-type":"","background-media":"","overlay-type":"","overlay-color":"","overlay-opacity":"","overlay-gradient":""},"mobile":{"background-color":"","background-image":"","background-repeat":"repeat","background-position":"center center","background-size":"auto","background-attachment":"scroll","background-type":"","background-media":"","overlay-type":"","overlay-color":"","overlay-opacity":"","overlay-gradient":""}},"ast-content-background-meta":{"desktop":{"background-color":"var(--ast-global-color-5)","background-image":"","background-repeat":"repeat","background-position":"center center","background-size":"auto","background-attachment":"scroll","background-type":"","background-media":"","overlay-type":"","overlay-color":"","overlay-opacity":"","overlay-gradient":""},"tablet":{"background-color":"var(--ast-global-color-5)","background-image":"","background-repeat":"repeat","background-position":"center center","background-size":"auto","background-attachment":"scroll","background-type":"","background-media":"","overlay-type":"","overlay-color":"","overlay-opacity":"","overlay-gradient":""},"mobile":{"background-color":"var(--ast-global-color-5)","background-image":"","background-repeat":"repeat","background-position":"center center","background-size":"auto","background-attachment":"scroll","background-type":"","background-media":"","overlay-type":"","overlay-color":"","overlay-opacity":"","overlay-gradient":""}},"footnotes":""},"categories":[263],"tags":[],"class_list":["post-25151","page","type-page","status-publish","has-post-thumbnail","hentry","category-konferencje-en"],"featured_image_urls_v2":{"full":["https:\/\/cbkjk.uwr.edu.pl\/wp-content\/uploads\/sites\/671\/2024\/11\/Jezyki.png",1920,1080,false],"thumbnail":["https:\/\/cbkjk.uwr.edu.pl\/wp-content\/uploads\/sites\/671\/2024\/11\/Jezyki-150x150.png",150,150,true],"medium":["https:\/\/cbkjk.uwr.edu.pl\/wp-content\/uploads\/sites\/671\/2024\/11\/Jezyki-300x169.png",300,169,true],"medium_large":["https:\/\/cbkjk.uwr.edu.pl\/wp-content\/uploads\/sites\/671\/2024\/11\/Jezyki-768x432.png",768,432,true],"large":["https:\/\/cbkjk.uwr.edu.pl\/wp-content\/uploads\/sites\/671\/2024\/11\/Jezyki-1024x576.png",1024,576,true],"1536x1536":["https:\/\/cbkjk.uwr.edu.pl\/wp-content\/uploads\/sites\/671\/2024\/11\/Jezyki-1536x864.png",1536,864,true],"2048x2048":["https:\/\/cbkjk.uwr.edu.pl\/wp-content\/uploads\/sites\/671\/2024\/11\/Jezyki.png",1920,1080,false],"menu-24x24":["https:\/\/cbkjk.uwr.edu.pl\/wp-content\/uploads\/sites\/671\/2024\/11\/Jezyki-24x14.png",24,14,true],"menu-36x36":["https:\/\/cbkjk.uwr.edu.pl\/wp-content\/uploads\/sites\/671\/2024\/11\/Jezyki-36x20.png",36,20,true],"menu-48x48":["https:\/\/cbkjk.uwr.edu.pl\/wp-content\/uploads\/sites\/671\/2024\/11\/Jezyki-48x27.png",48,27,true]},"post_excerpt_stackable_v2":"<p>SINCE THE MID-20TH CENTURY, THE PHENOMENA OF BILINGUALISM AND LANGUAGE CONTACT HAVE BEEN THE SUBJECT OF LIVELY DISCUSSIONS AMONG LINGUISTS. THIS AREA OF RESEARCH HAS ALSO BEEN WIDELY DISCUSSED IN RELATION TO POLISH BILINGUALISM BOTH IN POLAND AND ABROAD.<\/p>\n","category_list_v2":"<a href=\"https:\/\/cbkjk.uwr.edu.pl\/en\/category\/konferencje-en\/\" rel=\"category tag\">Konferencje<\/a>","author_info_v2":{"name":"Izabela Jaraszek","url":"https:\/\/cbkjk.uwr.edu.pl\/en\/author\/ijaraszek\/"},"comments_num_v2":"0 comments","acf":[],"yoast_head":"<!-- This site is optimized with the Yoast SEO plugin v27.1.1 - https:\/\/yoast.com\/product\/yoast-seo-wordpress\/ -->\n<title>Bilingualism in Poland and abroad - Centrum Bada\u0144 Kognitywnych nad J\u0119zykiem i Komunikacj\u0105<\/title>\n<meta name=\"robots\" content=\"index, follow, max-snippet:-1, max-image-preview:large, max-video-preview:-1\" \/>\n<link rel=\"canonical\" href=\"https:\/\/cbkjk.uwr.edu.pl\/en\/science\/conferences-cbkjk\/bilingualism-in-poland-and-abroad\/\" \/>\n<meta property=\"og:locale\" content=\"en_US\" \/>\n<meta property=\"og:type\" content=\"article\" \/>\n<meta property=\"og:title\" content=\"Bilingualism in Poland and abroad - Centrum Bada\u0144 Kognitywnych nad J\u0119zykiem i Komunikacj\u0105\" \/>\n<meta property=\"og:description\" content=\"SINCE THE MID-20TH CENTURY, THE PHENOMENA OF BILINGUALISM AND LANGUAGE CONTACT HAVE BEEN THE SUBJECT OF LIVELY DISCUSSIONS AMONG LINGUISTS. THIS AREA OF RESEARCH HAS ALSO BEEN WIDELY DISCUSSED IN RELATION TO POLISH BILINGUALISM BOTH IN POLAND AND ABROAD.\" \/>\n<meta property=\"og:url\" content=\"https:\/\/cbkjk.uwr.edu.pl\/en\/science\/conferences-cbkjk\/bilingualism-in-poland-and-abroad\/\" \/>\n<meta property=\"og:site_name\" content=\"Centrum Bada\u0144 Kognitywnych nad J\u0119zykiem i Komunikacj\u0105\" \/>\n<meta property=\"article:modified_time\" content=\"2024-11-20T13:34:51+00:00\" \/>\n<meta property=\"og:image\" content=\"https:\/\/cbkjk.uwr.edu.pl\/wp-content\/uploads\/sites\/671\/2024\/11\/Jezyki-1024x576.png\" \/>\n\t<meta property=\"og:image:width\" content=\"1024\" \/>\n\t<meta property=\"og:image:height\" content=\"576\" \/>\n\t<meta property=\"og:image:type\" content=\"image\/png\" \/>\n<meta name=\"twitter:card\" content=\"summary_large_image\" \/>\n<meta name=\"twitter:label1\" content=\"Est. reading time\" \/>\n\t<meta name=\"twitter:data1\" content=\"3 minutes\" \/>\n<script type=\"application\/ld+json\" class=\"yoast-schema-graph\">{\"@context\":\"https:\/\/schema.org\",\"@graph\":[{\"@type\":\"WebPage\",\"@id\":\"https:\/\/cbkjk.uwr.edu.pl\/en\/science\/conferences-cbkjk\/bilingualism-in-poland-and-abroad\/\",\"url\":\"https:\/\/cbkjk.uwr.edu.pl\/en\/science\/conferences-cbkjk\/bilingualism-in-poland-and-abroad\/\",\"name\":\"Bilingualism in Poland and abroad - Centrum Bada\u0144 Kognitywnych nad J\u0119zykiem i Komunikacj\u0105\",\"isPartOf\":{\"@id\":\"https:\/\/cbkjk.uwr.edu.pl\/#website\"},\"primaryImageOfPage\":{\"@id\":\"https:\/\/cbkjk.uwr.edu.pl\/en\/science\/conferences-cbkjk\/bilingualism-in-poland-and-abroad\/#primaryimage\"},\"image\":{\"@id\":\"https:\/\/cbkjk.uwr.edu.pl\/en\/science\/conferences-cbkjk\/bilingualism-in-poland-and-abroad\/#primaryimage\"},\"thumbnailUrl\":\"https:\/\/cbkjk.uwr.edu.pl\/wp-content\/uploads\/sites\/671\/2024\/11\/Jezyki.png\",\"datePublished\":\"2024-11-20T12:39:09+00:00\",\"dateModified\":\"2024-11-20T13:34:51+00:00\",\"breadcrumb\":{\"@id\":\"https:\/\/cbkjk.uwr.edu.pl\/en\/science\/conferences-cbkjk\/bilingualism-in-poland-and-abroad\/#breadcrumb\"},\"inLanguage\":\"en-US\",\"potentialAction\":[{\"@type\":\"ReadAction\",\"target\":[\"https:\/\/cbkjk.uwr.edu.pl\/en\/science\/conferences-cbkjk\/bilingualism-in-poland-and-abroad\/\"]}]},{\"@type\":\"ImageObject\",\"inLanguage\":\"en-US\",\"@id\":\"https:\/\/cbkjk.uwr.edu.pl\/en\/science\/conferences-cbkjk\/bilingualism-in-poland-and-abroad\/#primaryimage\",\"url\":\"https:\/\/cbkjk.uwr.edu.pl\/wp-content\/uploads\/sites\/671\/2024\/11\/Jezyki.png\",\"contentUrl\":\"https:\/\/cbkjk.uwr.edu.pl\/wp-content\/uploads\/sites\/671\/2024\/11\/Jezyki.png\",\"width\":1920,\"height\":1080,\"caption\":\"J\u0119zyki\"},{\"@type\":\"BreadcrumbList\",\"@id\":\"https:\/\/cbkjk.uwr.edu.pl\/en\/science\/conferences-cbkjk\/bilingualism-in-poland-and-abroad\/#breadcrumb\",\"itemListElement\":[{\"@type\":\"ListItem\",\"position\":1,\"name\":\"Strona g\u0142\u00f3wna\",\"item\":\"https:\/\/cbkjk.uwr.edu.pl\/en\/\"},{\"@type\":\"ListItem\",\"position\":2,\"name\":\"Science\",\"item\":\"https:\/\/cbkjk.uwr.edu.pl\/en\/science\/\"},{\"@type\":\"ListItem\",\"position\":3,\"name\":\"Conferences\",\"item\":\"https:\/\/cbkjk.uwr.edu.pl\/en\/science\/conferences-cbkjk\/\"},{\"@type\":\"ListItem\",\"position\":4,\"name\":\"Bilingualism in Poland and abroad\"}]},{\"@type\":\"WebSite\",\"@id\":\"https:\/\/cbkjk.uwr.edu.pl\/#website\",\"url\":\"https:\/\/cbkjk.uwr.edu.pl\/\",\"name\":\"Centrum Bada\u0144 Kognitywnych nad J\u0119zykiem i Komunikacj\u0105\",\"description\":\"Kolejna witryna sieci \u201eUWR Witryny\u201d\",\"publisher\":{\"@id\":\"https:\/\/cbkjk.uwr.edu.pl\/#organization\"},\"potentialAction\":[{\"@type\":\"SearchAction\",\"target\":{\"@type\":\"EntryPoint\",\"urlTemplate\":\"https:\/\/cbkjk.uwr.edu.pl\/?s={search_term_string}\"},\"query-input\":{\"@type\":\"PropertyValueSpecification\",\"valueRequired\":true,\"valueName\":\"search_term_string\"}}],\"inLanguage\":\"en-US\"},{\"@type\":\"Organization\",\"@id\":\"https:\/\/cbkjk.uwr.edu.pl\/#organization\",\"name\":\"Centrum Bada\u0144 Kognitywnych nad J\u0119zykiem i Komunikacj\u0105\",\"url\":\"https:\/\/cbkjk.uwr.edu.pl\/\",\"logo\":{\"@type\":\"ImageObject\",\"inLanguage\":\"en-US\",\"@id\":\"https:\/\/cbkjk.uwr.edu.pl\/#\/schema\/logo\/image\/\",\"url\":\"https:\/\/cbkjk.uwr.edu.pl\/wp-content\/uploads\/sites\/671\/2025\/10\/UWr-logotyp-2025.png\",\"contentUrl\":\"https:\/\/cbkjk.uwr.edu.pl\/wp-content\/uploads\/sites\/671\/2025\/10\/UWr-logotyp-2025.png\",\"width\":764,\"height\":269,\"caption\":\"Centrum Bada\u0144 Kognitywnych nad J\u0119zykiem i Komunikacj\u0105\"},\"image\":{\"@id\":\"https:\/\/cbkjk.uwr.edu.pl\/#\/schema\/logo\/image\/\"}}]}<\/script>\n<!-- \/ Yoast SEO plugin. -->","yoast_head_json":{"title":"Bilingualism in Poland and abroad - Centrum Bada\u0144 Kognitywnych nad J\u0119zykiem i Komunikacj\u0105","robots":{"index":"index","follow":"follow","max-snippet":"max-snippet:-1","max-image-preview":"max-image-preview:large","max-video-preview":"max-video-preview:-1"},"canonical":"https:\/\/cbkjk.uwr.edu.pl\/en\/science\/conferences-cbkjk\/bilingualism-in-poland-and-abroad\/","og_locale":"en_US","og_type":"article","og_title":"Bilingualism in Poland and abroad - Centrum Bada\u0144 Kognitywnych nad J\u0119zykiem i Komunikacj\u0105","og_description":"SINCE THE MID-20TH CENTURY, THE PHENOMENA OF BILINGUALISM AND LANGUAGE CONTACT HAVE BEEN THE SUBJECT OF LIVELY DISCUSSIONS AMONG LINGUISTS. THIS AREA OF RESEARCH HAS ALSO BEEN WIDELY DISCUSSED IN RELATION TO POLISH BILINGUALISM BOTH IN POLAND AND ABROAD.","og_url":"https:\/\/cbkjk.uwr.edu.pl\/en\/science\/conferences-cbkjk\/bilingualism-in-poland-and-abroad\/","og_site_name":"Centrum Bada\u0144 Kognitywnych nad J\u0119zykiem i Komunikacj\u0105","article_modified_time":"2024-11-20T13:34:51+00:00","og_image":[{"width":1024,"height":576,"url":"https:\/\/cbkjk.uwr.edu.pl\/wp-content\/uploads\/sites\/671\/2024\/11\/Jezyki-1024x576.png","type":"image\/png"}],"twitter_card":"summary_large_image","twitter_misc":{"Est. reading time":"3 minutes"},"schema":{"@context":"https:\/\/schema.org","@graph":[{"@type":"WebPage","@id":"https:\/\/cbkjk.uwr.edu.pl\/en\/science\/conferences-cbkjk\/bilingualism-in-poland-and-abroad\/","url":"https:\/\/cbkjk.uwr.edu.pl\/en\/science\/conferences-cbkjk\/bilingualism-in-poland-and-abroad\/","name":"Bilingualism in Poland and abroad - Centrum Bada\u0144 Kognitywnych nad J\u0119zykiem i Komunikacj\u0105","isPartOf":{"@id":"https:\/\/cbkjk.uwr.edu.pl\/#website"},"primaryImageOfPage":{"@id":"https:\/\/cbkjk.uwr.edu.pl\/en\/science\/conferences-cbkjk\/bilingualism-in-poland-and-abroad\/#primaryimage"},"image":{"@id":"https:\/\/cbkjk.uwr.edu.pl\/en\/science\/conferences-cbkjk\/bilingualism-in-poland-and-abroad\/#primaryimage"},"thumbnailUrl":"https:\/\/cbkjk.uwr.edu.pl\/wp-content\/uploads\/sites\/671\/2024\/11\/Jezyki.png","datePublished":"2024-11-20T12:39:09+00:00","dateModified":"2024-11-20T13:34:51+00:00","breadcrumb":{"@id":"https:\/\/cbkjk.uwr.edu.pl\/en\/science\/conferences-cbkjk\/bilingualism-in-poland-and-abroad\/#breadcrumb"},"inLanguage":"en-US","potentialAction":[{"@type":"ReadAction","target":["https:\/\/cbkjk.uwr.edu.pl\/en\/science\/conferences-cbkjk\/bilingualism-in-poland-and-abroad\/"]}]},{"@type":"ImageObject","inLanguage":"en-US","@id":"https:\/\/cbkjk.uwr.edu.pl\/en\/science\/conferences-cbkjk\/bilingualism-in-poland-and-abroad\/#primaryimage","url":"https:\/\/cbkjk.uwr.edu.pl\/wp-content\/uploads\/sites\/671\/2024\/11\/Jezyki.png","contentUrl":"https:\/\/cbkjk.uwr.edu.pl\/wp-content\/uploads\/sites\/671\/2024\/11\/Jezyki.png","width":1920,"height":1080,"caption":"J\u0119zyki"},{"@type":"BreadcrumbList","@id":"https:\/\/cbkjk.uwr.edu.pl\/en\/science\/conferences-cbkjk\/bilingualism-in-poland-and-abroad\/#breadcrumb","itemListElement":[{"@type":"ListItem","position":1,"name":"Strona g\u0142\u00f3wna","item":"https:\/\/cbkjk.uwr.edu.pl\/en\/"},{"@type":"ListItem","position":2,"name":"Science","item":"https:\/\/cbkjk.uwr.edu.pl\/en\/science\/"},{"@type":"ListItem","position":3,"name":"Conferences","item":"https:\/\/cbkjk.uwr.edu.pl\/en\/science\/conferences-cbkjk\/"},{"@type":"ListItem","position":4,"name":"Bilingualism in Poland and abroad"}]},{"@type":"WebSite","@id":"https:\/\/cbkjk.uwr.edu.pl\/#website","url":"https:\/\/cbkjk.uwr.edu.pl\/","name":"Centrum Bada\u0144 Kognitywnych nad J\u0119zykiem i Komunikacj\u0105","description":"Kolejna witryna sieci \u201eUWR Witryny\u201d","publisher":{"@id":"https:\/\/cbkjk.uwr.edu.pl\/#organization"},"potentialAction":[{"@type":"SearchAction","target":{"@type":"EntryPoint","urlTemplate":"https:\/\/cbkjk.uwr.edu.pl\/?s={search_term_string}"},"query-input":{"@type":"PropertyValueSpecification","valueRequired":true,"valueName":"search_term_string"}}],"inLanguage":"en-US"},{"@type":"Organization","@id":"https:\/\/cbkjk.uwr.edu.pl\/#organization","name":"Centrum Bada\u0144 Kognitywnych nad J\u0119zykiem i Komunikacj\u0105","url":"https:\/\/cbkjk.uwr.edu.pl\/","logo":{"@type":"ImageObject","inLanguage":"en-US","@id":"https:\/\/cbkjk.uwr.edu.pl\/#\/schema\/logo\/image\/","url":"https:\/\/cbkjk.uwr.edu.pl\/wp-content\/uploads\/sites\/671\/2025\/10\/UWr-logotyp-2025.png","contentUrl":"https:\/\/cbkjk.uwr.edu.pl\/wp-content\/uploads\/sites\/671\/2025\/10\/UWr-logotyp-2025.png","width":764,"height":269,"caption":"Centrum Bada\u0144 Kognitywnych nad J\u0119zykiem i Komunikacj\u0105"},"image":{"@id":"https:\/\/cbkjk.uwr.edu.pl\/#\/schema\/logo\/image\/"}}]}},"publishpress_future_action":{"enabled":false,"date":"2026-04-20 06:58:23","action":"change-status","newStatus":"draft","terms":[],"taxonomy":"category","extraData":[]},"publishpress_future_workflow_manual_trigger":{"enabledWorkflows":[]},"_links":{"self":[{"href":"https:\/\/cbkjk.uwr.edu.pl\/en\/wp-json\/wp\/v2\/pages\/25151\/"}],"collection":[{"href":"https:\/\/cbkjk.uwr.edu.pl\/en\/wp-json\/wp\/v2\/pages\/"}],"about":[{"href":"https:\/\/cbkjk.uwr.edu.pl\/en\/wp-json\/wp\/v2\/types\/page\/"}],"author":[{"embeddable":true,"href":"https:\/\/cbkjk.uwr.edu.pl\/en\/wp-json\/wp\/v2\/users\/37\/"}],"replies":[{"embeddable":true,"href":"https:\/\/cbkjk.uwr.edu.pl\/en\/wp-json\/wp\/v2\/comments\/?post=25151"}],"version-history":[{"count":1,"href":"https:\/\/cbkjk.uwr.edu.pl\/en\/wp-json\/wp\/v2\/pages\/25151\/revisions\/"}],"predecessor-version":[{"id":25157,"href":"https:\/\/cbkjk.uwr.edu.pl\/en\/wp-json\/wp\/v2\/pages\/25151\/revisions\/25157\/"}],"up":[{"embeddable":true,"href":"https:\/\/cbkjk.uwr.edu.pl\/en\/wp-json\/wp\/v2\/pages\/25139\/"}],"wp:featuredmedia":[{"embeddable":true,"href":"https:\/\/cbkjk.uwr.edu.pl\/en\/wp-json\/wp\/v2\/media\/24929\/"}],"wp:attachment":[{"href":"https:\/\/cbkjk.uwr.edu.pl\/en\/wp-json\/wp\/v2\/media\/?parent=25151"}],"wp:term":[{"taxonomy":"category","embeddable":true,"href":"https:\/\/cbkjk.uwr.edu.pl\/en\/wp-json\/wp\/v2\/categories\/?post=25151"},{"taxonomy":"post_tag","embeddable":true,"href":"https:\/\/cbkjk.uwr.edu.pl\/en\/wp-json\/wp\/v2\/tags\/?post=25151"}],"curies":[{"name":"wp","href":"https:\/\/api.w.org\/{rel}","templated":true}]}}