{"id":25139,"date":"2024-11-20T12:42:00","date_gmt":"2024-11-20T11:42:00","guid":{"rendered":"https:\/\/cbkjk.uwr.edu.pl\/science\/konferencje-cbkjk\/"},"modified":"2024-11-20T14:31:04","modified_gmt":"2024-11-20T13:31:04","slug":"conferences-cbkjk","status":"publish","type":"page","link":"https:\/\/cbkjk.uwr.edu.pl\/en\/science\/conferences-cbkjk\/","title":{"rendered":"Conferences"},"content":{"rendered":"\n<div class=\"alignfull wp-block-ugb-container ugb-container bs-konferencje-akordeony ugb-12c4a27 ugb-container--v2 ugb-container--design-plain ugb-main-block\"><style>@media screen and (min-width:768px){.ugb-12c4a27.ugb-container{margin-bottom:0px !important;padding-right:0px !important;padding-bottom:50px !important;padding-left:0px !important}}@media screen and (min-width:768px){.ugb-12c4a27 > .ugb-inner-block > .ugb-block-content > *{padding-top:0px !important;padding-bottom:0px !important;padding-right:0px !important;padding-left:0px !important}}<\/style><div class=\"ugb-inner-block\"><div class=\"ugb-block-content\"><div class=\"ugb-container__wrapper ugb-12c4a27-wrapper\"><div class=\"ugb-container__side\"><div class=\"ugb-container__content-wrapper ugb-12c4a27-content-wrapper\">\n<div class=\"wp-block-media-text alignwide is-stacked-on-mobile is-vertically-aligned-top is-image-fill bs-naglowek-szablonu-kolumny\"><figure class=\"wp-block-media-text__media\" style=\"background-image:url(https:\/\/cbkjk.uwr.edu.pl\/wp-content\/uploads\/sites\/671\/2024\/11\/Konferencje-1024x769.webp);background-position:50% 50%\"><img loading=\"lazy\" decoding=\"async\" width=\"1024\" height=\"769\" src=\"https:\/\/cbkjk.uwr.edu.pl\/wp-content\/uploads\/sites\/671\/2024\/11\/Konferencje-1024x769.webp\" alt=\"D\u0142ugopis i zeszyt\" class=\"wp-image-25130 size-full\" srcset=\"https:\/\/cbkjk.uwr.edu.pl\/wp-content\/uploads\/sites\/671\/2024\/11\/Konferencje-1024x769.webp 1024w, https:\/\/cbkjk.uwr.edu.pl\/wp-content\/uploads\/sites\/671\/2024\/11\/Konferencje-300x225.webp 300w, https:\/\/cbkjk.uwr.edu.pl\/wp-content\/uploads\/sites\/671\/2024\/11\/Konferencje-768x577.webp 768w, https:\/\/cbkjk.uwr.edu.pl\/wp-content\/uploads\/sites\/671\/2024\/11\/Konferencje-1536x1154.webp 1536w, https:\/\/cbkjk.uwr.edu.pl\/wp-content\/uploads\/sites\/671\/2024\/11\/Konferencje-1320x992.webp 1320w, https:\/\/cbkjk.uwr.edu.pl\/wp-content\/uploads\/sites\/671\/2024\/11\/Konferencje-24x18.webp 24w, https:\/\/cbkjk.uwr.edu.pl\/wp-content\/uploads\/sites\/671\/2024\/11\/Konferencje-36x27.webp 36w, https:\/\/cbkjk.uwr.edu.pl\/wp-content\/uploads\/sites\/671\/2024\/11\/Konferencje-48x36.webp 48w, https:\/\/cbkjk.uwr.edu.pl\/wp-content\/uploads\/sites\/671\/2024\/11\/Konferencje.webp 1600w\" sizes=\"auto, (max-width: 1024px) 100vw, 1024px\" \/><\/figure><div class=\"wp-block-media-text__content\">\n<div class=\"wp-block-bonasoft-modular-breadcrumbs-block\"><div class=\"bs_add_breadcrumb_trail\"><\/div><\/div>\n\n\n\n<hr class=\"wp-block-separator has-text-color has-black-color has-css-opacity has-black-background-color has-background is-style-wide bs-border-kontakt\"\/>\n\n\n<h1 style=\"font-style:normal;font-weight:700;\" class=\"bs-naglowek-podstrony wp-block-post-title\">Conferences<\/h1>\n\n\n<div style=\"height:50px\" aria-hidden=\"true\" class=\"wp-block-spacer\"><\/div>\n\n\n\n<p><strong>THE CENTRE FOR COGNITIVE RESEARCH ON LANGUAGE AND COMMUNICATION TAKES PATRONAGE OF CONFERENCES WHOSE TOPICS ARE RELATED TO THE CENTRE\u2019S ACTIVITIES.<\/strong><\/p>\n\n\n\n<p>In 2019, the Centre has extended its patronage to two conferences:<\/p>\n\n\n\n<ol class=\"wp-block-list\">\n<li>CONCEPT \u2013 CATEGORY \u2013 WORD IN THEORY AND PRACTICE, which will be held on 5-6.04.2019 at the Institute of Polish Studies,<\/li>\n\n\n\n<li>DIVERSITY IN POLAND AND FOREIGN, which will take place on 24-25.05.2019 at the Institute of Romance Studies and the Institute of Polish Studies<\/li>\n<\/ol>\n\n\n\n<p>Further information on these conferences can be found below.<\/p>\n<\/div><\/div>\n\n\n\n<div class=\"wp-block-ugb-container ugb-container bs-strona-konferencje ugb-002ab8b ugb-container--v2 ugb-container--design-plain ugb-main-block\"><style>@media screen and (min-width:768px){.ugb-002ab8b.ugb-container{margin-bottom:0% !important;margin-right:6% !important;margin-left:6% !important}}@media screen and (min-width:768px){.ugb-002ab8b > .ugb-inner-block > .ugb-block-content > *{padding-top:0px !important;padding-bottom:0px !important;padding-right:0px !important;padding-left:0px !important}}<\/style><div class=\"ugb-inner-block\"><div class=\"ugb-block-content\"><div class=\"ugb-container__wrapper ugb-002ab8b-wrapper\"><div class=\"ugb-container__side\"><div class=\"ugb-container__content-wrapper ugb-002ab8b-content-wrapper\">\n<div id=\"komunikaty aktualnosci-block\" class=\"komunikaty aktualnosci-block \">\n            <h2 class=\"komunikaty aktualnosci-block-naglowek\">Conferencjes<\/h2>\n            <div class=\"row row-first-block\">\n                    <div class=\"row row-grid-block\">\n                                    <div class=\"news-box box-number-1 news-box-color-1\">\n                        <a href=\"https:\/\/cbkjk.uwr.edu.pl\/en\/science\/conferences-cbkjk\/bilingualism-in-poland-and-abroad\/\">\n                            <div class=\"news-box-wrap\">\n\n                                <div class=\"news-box-header\">\n                                                                                                            <div class=\"news-box-background\" style=\"background-image: url('https:\/\/cbkjk.uwr.edu.pl\/wp-content\/uploads\/sites\/671\/2024\/11\/Jezyki-1024x576.png')\">\n\n                                        <div class=\"second-box-overlay\">\n                                            <div class=\"news-box-content\">\n                                                <span>SINCE THE MID-20TH CENTURY, THE PHENOMENA OF BILINGUALISM AND LANGUAGE CONTACT HAVE BEEN THE SUBJECT OF LIVELY DISCUSSIONS AMONG LINGUISTS. THIS AREA OF RESEARCH HAS ALSO BEEN WIDELY DISCUSSED IN [&#8230;]<\/span>\n                                            <\/div>\n                                        <\/div>\n                                    <\/div>\n                                <\/div>\n\n                                <div class=\"news-box-title\">\n                                    <h3>\n                                        Bilingualism in Poland and abroad                                    <\/h3>\n                                <\/div>\n\n                            <\/div>\n                        <\/a>\n                    <\/div>\n                                                                                                <div class=\"news-box box-number-2 news-box-color-2\">\n                        <a href=\"https:\/\/cbkjk.uwr.edu.pl\/en\/science\/conferences-cbkjk\/concept-category-word-in-theory-and-practice\/\">\n                            <div class=\"news-box-wrap\">\n\n                                <div class=\"news-box-header\">\n                                                                                                            <div class=\"news-box-background\" style=\"background-image: url('https:\/\/cbkjk.uwr.edu.pl\/wp-content\/uploads\/sites\/671\/2024\/11\/mapa-slow-1024x238.webp')\">\n\n                                        <div class=\"second-box-overlay\">\n                                            <div class=\"news-box-content\">\n                                                <span>ON 5-6 APRIL 2019, THE INSTITUTE OF POLISH STUDIES INVITES TO A CONFERENCE CONCEPT \u2013 CATEGORY \u2013 WORD IN THEORY AND PRACTICE.<\/span>\n                                            <\/div>\n                                        <\/div>\n                                    <\/div>\n                                <\/div>\n\n                                <div class=\"news-box-title\">\n                                    <h3>\n                                        Concept \u2013 Category \u2013 Word in theory and practice                                    <\/h3>\n                                <\/div>\n\n                            <\/div>\n                        <\/a>\n                    <\/div>\n                                                                                        <\/div>\n                <\/div>\n<div class=\"clear\"><\/div>\n\n\n<\/div><\/div><\/div><\/div><\/div><\/div><\/div>\n<\/div><\/div><\/div><\/div><\/div><\/div>\n","protected":false},"excerpt":{"rendered":"<p>THE CENTRE FOR COGNITIVE RESEARCH ON LANGUAGE AND COMMUNICATION TAKES PATRONAGE OF CONFERENCES WHOSE TOPICS ARE RELATED TO THE CENTRE\u2019S ACTIVITIES. In 2019, the Centre has extended its patronage to two conferences: Further information on these conferences can be found below.<\/p>\n","protected":false},"author":37,"featured_media":0,"parent":25058,"menu_order":2,"comment_status":"closed","ping_status":"closed","template":"","meta":{"_acf_changed":false,"inline_featured_image":false,"site-sidebar-layout":"default","site-content-layout":"","ast-site-content-layout":"default","site-content-style":"default","site-sidebar-style":"default","ast-global-header-display":"","ast-banner-title-visibility":"","ast-main-header-display":"","ast-hfb-above-header-display":"","ast-hfb-below-header-display":"","ast-hfb-mobile-header-display":"","site-post-title":"","ast-breadcrumbs-content":"","ast-featured-img":"","footer-sml-layout":"","ast-disable-related-posts":"","theme-transparent-header-meta":"","adv-header-id-meta":"","stick-header-meta":"","header-above-stick-meta":"","header-main-stick-meta":"","header-below-stick-meta":"","astra-migrate-meta-layouts":"set","ast-page-background-enabled":"default","ast-page-background-meta":{"desktop":{"background-color":"","background-image":"","background-repeat":"repeat","background-position":"center center","background-size":"auto","background-attachment":"scroll","background-type":"","background-media":"","overlay-type":"","overlay-color":"","overlay-opacity":"","overlay-gradient":""},"tablet":{"background-color":"","background-image":"","background-repeat":"repeat","background-position":"center center","background-size":"auto","background-attachment":"scroll","background-type":"","background-media":"","overlay-type":"","overlay-color":"","overlay-opacity":"","overlay-gradient":""},"mobile":{"background-color":"","background-image":"","background-repeat":"repeat","background-position":"center center","background-size":"auto","background-attachment":"scroll","background-type":"","background-media":"","overlay-type":"","overlay-color":"","overlay-opacity":"","overlay-gradient":""}},"ast-content-background-meta":{"desktop":{"background-color":"var(--ast-global-color-5)","background-image":"","background-repeat":"repeat","background-position":"center center","background-size":"auto","background-attachment":"scroll","background-type":"","background-media":"","overlay-type":"","overlay-color":"","overlay-opacity":"","overlay-gradient":""},"tablet":{"background-color":"var(--ast-global-color-5)","background-image":"","background-repeat":"repeat","background-position":"center center","background-size":"auto","background-attachment":"scroll","background-type":"","background-media":"","overlay-type":"","overlay-color":"","overlay-opacity":"","overlay-gradient":""},"mobile":{"background-color":"var(--ast-global-color-5)","background-image":"","background-repeat":"repeat","background-position":"center center","background-size":"auto","background-attachment":"scroll","background-type":"","background-media":"","overlay-type":"","overlay-color":"","overlay-opacity":"","overlay-gradient":""}},"footnotes":""},"categories":[],"tags":[],"class_list":["post-25139","page","type-page","status-publish","hentry"],"featured_image_urls_v2":{"full":"","thumbnail":"","medium":"","medium_large":"","large":"","1536x1536":"","2048x2048":"","menu-24x24":"","menu-36x36":"","menu-48x48":""},"post_excerpt_stackable_v2":"<p>Conferences THE CENTRE FOR COGNITIVE RESEARCH ON LANGUAGE AND COMMUNICATION TAKES PATRONAGE OF CONFERENCES WHOSE TOPICS ARE RELATED TO THE CENTRE\u2019S ACTIVITIES. In 2019, the Centre has extended its patronage to two conferences: CONCEPT \u2013 CATEGORY \u2013 WORD IN THEORY AND PRACTICE, which will be held on 5-6.04.2019 at the Institute of Polish Studies, DIVERSITY IN POLAND AND FOREIGN, which will take place on 24-25.05.2019 at the Institute of Romance Studies and the Institute of Polish Studies Further information on these conferences can be found below. Conferencjes SINCE THE MID-20TH CENTURY, THE PHENOMENA OF BILINGUALISM AND LANGUAGE CONTACT HAVE BEEN&hellip;<\/p>\n","category_list_v2":"Uncategorized","author_info_v2":{"name":"Izabela Jaraszek","url":"https:\/\/cbkjk.uwr.edu.pl\/en\/author\/ijaraszek\/"},"comments_num_v2":"0 comments","acf":[],"yoast_head":"<!-- This site is optimized with the Yoast SEO plugin v27.1.1 - https:\/\/yoast.com\/product\/yoast-seo-wordpress\/ -->\n<title>Conferences - Centrum Bada\u0144 Kognitywnych nad J\u0119zykiem i Komunikacj\u0105<\/title>\n<meta name=\"robots\" content=\"index, follow, max-snippet:-1, max-image-preview:large, max-video-preview:-1\" \/>\n<link rel=\"canonical\" href=\"https:\/\/cbkjk.uwr.edu.pl\/en\/science\/conferences-cbkjk\/\" \/>\n<meta property=\"og:locale\" content=\"en_US\" \/>\n<meta property=\"og:type\" content=\"article\" \/>\n<meta property=\"og:title\" content=\"Conferences - Centrum Bada\u0144 Kognitywnych nad J\u0119zykiem i Komunikacj\u0105\" \/>\n<meta property=\"og:description\" content=\"THE CENTRE FOR COGNITIVE RESEARCH ON LANGUAGE AND COMMUNICATION TAKES PATRONAGE OF CONFERENCES WHOSE TOPICS ARE RELATED TO THE CENTRE\u2019S ACTIVITIES. In 2019, the Centre has extended its patronage to two conferences: Further information on these conferences can be found below.\" \/>\n<meta property=\"og:url\" content=\"https:\/\/cbkjk.uwr.edu.pl\/en\/science\/conferences-cbkjk\/\" \/>\n<meta property=\"og:site_name\" content=\"Centrum Bada\u0144 Kognitywnych nad J\u0119zykiem i Komunikacj\u0105\" \/>\n<meta property=\"article:modified_time\" content=\"2024-11-20T13:31:04+00:00\" \/>\n<meta property=\"og:image\" content=\"https:\/\/cbkjk.uwr.edu.pl\/wp-content\/uploads\/sites\/671\/2024\/11\/Konferencje.webp\" \/>\n\t<meta property=\"og:image:width\" content=\"1600\" \/>\n\t<meta property=\"og:image:height\" content=\"1202\" \/>\n\t<meta property=\"og:image:type\" content=\"image\/webp\" \/>\n<meta name=\"twitter:card\" content=\"summary_large_image\" \/>\n<meta name=\"twitter:label1\" content=\"Est. reading time\" \/>\n\t<meta name=\"twitter:data1\" content=\"1 minute\" \/>\n<script type=\"application\/ld+json\" class=\"yoast-schema-graph\">{\"@context\":\"https:\/\/schema.org\",\"@graph\":[{\"@type\":\"WebPage\",\"@id\":\"https:\/\/cbkjk.uwr.edu.pl\/en\/science\/conferences-cbkjk\/\",\"url\":\"https:\/\/cbkjk.uwr.edu.pl\/en\/science\/conferences-cbkjk\/\",\"name\":\"Conferences - Centrum Bada\u0144 Kognitywnych nad J\u0119zykiem i Komunikacj\u0105\",\"isPartOf\":{\"@id\":\"https:\/\/cbkjk.uwr.edu.pl\/#website\"},\"primaryImageOfPage\":{\"@id\":\"https:\/\/cbkjk.uwr.edu.pl\/en\/science\/conferences-cbkjk\/#primaryimage\"},\"image\":{\"@id\":\"https:\/\/cbkjk.uwr.edu.pl\/en\/science\/conferences-cbkjk\/#primaryimage\"},\"thumbnailUrl\":\"https:\/\/cbkjk.uwr.edu.pl\/wp-content\/uploads\/sites\/671\/2024\/11\/Konferencje-1024x769.webp\",\"datePublished\":\"2024-11-20T11:42:00+00:00\",\"dateModified\":\"2024-11-20T13:31:04+00:00\",\"breadcrumb\":{\"@id\":\"https:\/\/cbkjk.uwr.edu.pl\/en\/science\/conferences-cbkjk\/#breadcrumb\"},\"inLanguage\":\"en-US\",\"potentialAction\":[{\"@type\":\"ReadAction\",\"target\":[\"https:\/\/cbkjk.uwr.edu.pl\/en\/science\/conferences-cbkjk\/\"]}]},{\"@type\":\"ImageObject\",\"inLanguage\":\"en-US\",\"@id\":\"https:\/\/cbkjk.uwr.edu.pl\/en\/science\/conferences-cbkjk\/#primaryimage\",\"url\":\"https:\/\/cbkjk.uwr.edu.pl\/wp-content\/uploads\/sites\/671\/2024\/11\/Konferencje-1024x769.webp\",\"contentUrl\":\"https:\/\/cbkjk.uwr.edu.pl\/wp-content\/uploads\/sites\/671\/2024\/11\/Konferencje-1024x769.webp\"},{\"@type\":\"BreadcrumbList\",\"@id\":\"https:\/\/cbkjk.uwr.edu.pl\/en\/science\/conferences-cbkjk\/#breadcrumb\",\"itemListElement\":[{\"@type\":\"ListItem\",\"position\":1,\"name\":\"Strona g\u0142\u00f3wna\",\"item\":\"https:\/\/cbkjk.uwr.edu.pl\/en\/\"},{\"@type\":\"ListItem\",\"position\":2,\"name\":\"Science\",\"item\":\"https:\/\/cbkjk.uwr.edu.pl\/en\/science\/\"},{\"@type\":\"ListItem\",\"position\":3,\"name\":\"Conferences\"}]},{\"@type\":\"WebSite\",\"@id\":\"https:\/\/cbkjk.uwr.edu.pl\/#website\",\"url\":\"https:\/\/cbkjk.uwr.edu.pl\/\",\"name\":\"Centrum Bada\u0144 Kognitywnych nad J\u0119zykiem i Komunikacj\u0105\",\"description\":\"Kolejna witryna sieci \u201eUWR Witryny\u201d\",\"publisher\":{\"@id\":\"https:\/\/cbkjk.uwr.edu.pl\/#organization\"},\"potentialAction\":[{\"@type\":\"SearchAction\",\"target\":{\"@type\":\"EntryPoint\",\"urlTemplate\":\"https:\/\/cbkjk.uwr.edu.pl\/?s={search_term_string}\"},\"query-input\":{\"@type\":\"PropertyValueSpecification\",\"valueRequired\":true,\"valueName\":\"search_term_string\"}}],\"inLanguage\":\"en-US\"},{\"@type\":\"Organization\",\"@id\":\"https:\/\/cbkjk.uwr.edu.pl\/#organization\",\"name\":\"Centrum Bada\u0144 Kognitywnych nad J\u0119zykiem i Komunikacj\u0105\",\"url\":\"https:\/\/cbkjk.uwr.edu.pl\/\",\"logo\":{\"@type\":\"ImageObject\",\"inLanguage\":\"en-US\",\"@id\":\"https:\/\/cbkjk.uwr.edu.pl\/#\/schema\/logo\/image\/\",\"url\":\"https:\/\/cbkjk.uwr.edu.pl\/wp-content\/uploads\/sites\/671\/2025\/10\/UWr-logotyp-2025.png\",\"contentUrl\":\"https:\/\/cbkjk.uwr.edu.pl\/wp-content\/uploads\/sites\/671\/2025\/10\/UWr-logotyp-2025.png\",\"width\":764,\"height\":269,\"caption\":\"Centrum Bada\u0144 Kognitywnych nad J\u0119zykiem i Komunikacj\u0105\"},\"image\":{\"@id\":\"https:\/\/cbkjk.uwr.edu.pl\/#\/schema\/logo\/image\/\"}}]}<\/script>\n<!-- \/ Yoast SEO plugin. -->","yoast_head_json":{"title":"Conferences - Centrum Bada\u0144 Kognitywnych nad J\u0119zykiem i Komunikacj\u0105","robots":{"index":"index","follow":"follow","max-snippet":"max-snippet:-1","max-image-preview":"max-image-preview:large","max-video-preview":"max-video-preview:-1"},"canonical":"https:\/\/cbkjk.uwr.edu.pl\/en\/science\/conferences-cbkjk\/","og_locale":"en_US","og_type":"article","og_title":"Conferences - Centrum Bada\u0144 Kognitywnych nad J\u0119zykiem i Komunikacj\u0105","og_description":"THE CENTRE FOR COGNITIVE RESEARCH ON LANGUAGE AND COMMUNICATION TAKES PATRONAGE OF CONFERENCES WHOSE TOPICS ARE RELATED TO THE CENTRE\u2019S ACTIVITIES. In 2019, the Centre has extended its patronage to two conferences: Further information on these conferences can be found below.","og_url":"https:\/\/cbkjk.uwr.edu.pl\/en\/science\/conferences-cbkjk\/","og_site_name":"Centrum Bada\u0144 Kognitywnych nad J\u0119zykiem i Komunikacj\u0105","article_modified_time":"2024-11-20T13:31:04+00:00","og_image":[{"width":1600,"height":1202,"url":"https:\/\/cbkjk.uwr.edu.pl\/wp-content\/uploads\/sites\/671\/2024\/11\/Konferencje.webp","type":"image\/webp"}],"twitter_card":"summary_large_image","twitter_misc":{"Est. reading time":"1 minute"},"schema":{"@context":"https:\/\/schema.org","@graph":[{"@type":"WebPage","@id":"https:\/\/cbkjk.uwr.edu.pl\/en\/science\/conferences-cbkjk\/","url":"https:\/\/cbkjk.uwr.edu.pl\/en\/science\/conferences-cbkjk\/","name":"Conferences - Centrum Bada\u0144 Kognitywnych nad J\u0119zykiem i Komunikacj\u0105","isPartOf":{"@id":"https:\/\/cbkjk.uwr.edu.pl\/#website"},"primaryImageOfPage":{"@id":"https:\/\/cbkjk.uwr.edu.pl\/en\/science\/conferences-cbkjk\/#primaryimage"},"image":{"@id":"https:\/\/cbkjk.uwr.edu.pl\/en\/science\/conferences-cbkjk\/#primaryimage"},"thumbnailUrl":"https:\/\/cbkjk.uwr.edu.pl\/wp-content\/uploads\/sites\/671\/2024\/11\/Konferencje-1024x769.webp","datePublished":"2024-11-20T11:42:00+00:00","dateModified":"2024-11-20T13:31:04+00:00","breadcrumb":{"@id":"https:\/\/cbkjk.uwr.edu.pl\/en\/science\/conferences-cbkjk\/#breadcrumb"},"inLanguage":"en-US","potentialAction":[{"@type":"ReadAction","target":["https:\/\/cbkjk.uwr.edu.pl\/en\/science\/conferences-cbkjk\/"]}]},{"@type":"ImageObject","inLanguage":"en-US","@id":"https:\/\/cbkjk.uwr.edu.pl\/en\/science\/conferences-cbkjk\/#primaryimage","url":"https:\/\/cbkjk.uwr.edu.pl\/wp-content\/uploads\/sites\/671\/2024\/11\/Konferencje-1024x769.webp","contentUrl":"https:\/\/cbkjk.uwr.edu.pl\/wp-content\/uploads\/sites\/671\/2024\/11\/Konferencje-1024x769.webp"},{"@type":"BreadcrumbList","@id":"https:\/\/cbkjk.uwr.edu.pl\/en\/science\/conferences-cbkjk\/#breadcrumb","itemListElement":[{"@type":"ListItem","position":1,"name":"Strona g\u0142\u00f3wna","item":"https:\/\/cbkjk.uwr.edu.pl\/en\/"},{"@type":"ListItem","position":2,"name":"Science","item":"https:\/\/cbkjk.uwr.edu.pl\/en\/science\/"},{"@type":"ListItem","position":3,"name":"Conferences"}]},{"@type":"WebSite","@id":"https:\/\/cbkjk.uwr.edu.pl\/#website","url":"https:\/\/cbkjk.uwr.edu.pl\/","name":"Centrum Bada\u0144 Kognitywnych nad J\u0119zykiem i Komunikacj\u0105","description":"Kolejna witryna sieci \u201eUWR Witryny\u201d","publisher":{"@id":"https:\/\/cbkjk.uwr.edu.pl\/#organization"},"potentialAction":[{"@type":"SearchAction","target":{"@type":"EntryPoint","urlTemplate":"https:\/\/cbkjk.uwr.edu.pl\/?s={search_term_string}"},"query-input":{"@type":"PropertyValueSpecification","valueRequired":true,"valueName":"search_term_string"}}],"inLanguage":"en-US"},{"@type":"Organization","@id":"https:\/\/cbkjk.uwr.edu.pl\/#organization","name":"Centrum Bada\u0144 Kognitywnych nad J\u0119zykiem i Komunikacj\u0105","url":"https:\/\/cbkjk.uwr.edu.pl\/","logo":{"@type":"ImageObject","inLanguage":"en-US","@id":"https:\/\/cbkjk.uwr.edu.pl\/#\/schema\/logo\/image\/","url":"https:\/\/cbkjk.uwr.edu.pl\/wp-content\/uploads\/sites\/671\/2025\/10\/UWr-logotyp-2025.png","contentUrl":"https:\/\/cbkjk.uwr.edu.pl\/wp-content\/uploads\/sites\/671\/2025\/10\/UWr-logotyp-2025.png","width":764,"height":269,"caption":"Centrum Bada\u0144 Kognitywnych nad J\u0119zykiem i Komunikacj\u0105"},"image":{"@id":"https:\/\/cbkjk.uwr.edu.pl\/#\/schema\/logo\/image\/"}}]}},"publishpress_future_action":{"enabled":false,"date":"2026-04-20 03:34:31","action":"change-status","newStatus":"draft","terms":[],"taxonomy":"category","extraData":[]},"publishpress_future_workflow_manual_trigger":{"enabledWorkflows":[]},"_links":{"self":[{"href":"https:\/\/cbkjk.uwr.edu.pl\/en\/wp-json\/wp\/v2\/pages\/25139\/"}],"collection":[{"href":"https:\/\/cbkjk.uwr.edu.pl\/en\/wp-json\/wp\/v2\/pages\/"}],"about":[{"href":"https:\/\/cbkjk.uwr.edu.pl\/en\/wp-json\/wp\/v2\/types\/page\/"}],"author":[{"embeddable":true,"href":"https:\/\/cbkjk.uwr.edu.pl\/en\/wp-json\/wp\/v2\/users\/37\/"}],"replies":[{"embeddable":true,"href":"https:\/\/cbkjk.uwr.edu.pl\/en\/wp-json\/wp\/v2\/comments\/?post=25139"}],"version-history":[{"count":1,"href":"https:\/\/cbkjk.uwr.edu.pl\/en\/wp-json\/wp\/v2\/pages\/25139\/revisions\/"}],"predecessor-version":[{"id":25148,"href":"https:\/\/cbkjk.uwr.edu.pl\/en\/wp-json\/wp\/v2\/pages\/25139\/revisions\/25148\/"}],"up":[{"embeddable":true,"href":"https:\/\/cbkjk.uwr.edu.pl\/en\/wp-json\/wp\/v2\/pages\/25058\/"}],"wp:attachment":[{"href":"https:\/\/cbkjk.uwr.edu.pl\/en\/wp-json\/wp\/v2\/media\/?parent=25139"}],"wp:term":[{"taxonomy":"category","embeddable":true,"href":"https:\/\/cbkjk.uwr.edu.pl\/en\/wp-json\/wp\/v2\/categories\/?post=25139"},{"taxonomy":"post_tag","embeddable":true,"href":"https:\/\/cbkjk.uwr.edu.pl\/en\/wp-json\/wp\/v2\/tags\/?post=25139"}],"curies":[{"name":"wp","href":"https:\/\/api.w.org\/{rel}","templated":true}]}}