{"id":25064,"date":"2024-11-20T12:38:56","date_gmt":"2024-11-20T11:38:56","guid":{"rendered":"https:\/\/cbkjk.uwr.edu.pl\/pamiec\/"},"modified":"2024-12-04T09:14:34","modified_gmt":"2024-12-04T08:14:34","slug":"remembrance","status":"publish","type":"page","link":"https:\/\/cbkjk.uwr.edu.pl\/en\/remembrance\/","title":{"rendered":"Remembrance"},"content":{"rendered":"\n<div class=\"alignfull wp-block-ugb-container ugb-container bs-konferencje-akordeony ugb-12c4a27 ugb-container--v2 ugb-container--design-plain ugb-main-block\"><style>@media screen and (min-width:768px){.ugb-12c4a27.ugb-container{margin-bottom:0px !important;padding-right:0px !important;padding-bottom:50px !important;padding-left:0px !important}}@media screen and (min-width:768px){.ugb-12c4a27 > .ugb-inner-block > .ugb-block-content > *{padding-top:0px !important;padding-bottom:0px !important;padding-right:0px !important;padding-left:0px !important}}<\/style><div class=\"ugb-inner-block\"><div class=\"ugb-block-content\"><div class=\"ugb-container__wrapper ugb-12c4a27-wrapper\"><div class=\"ugb-container__side\"><div class=\"ugb-container__content-wrapper ugb-12c4a27-content-wrapper\">\n<div class=\"wp-block-media-text alignwide is-stacked-on-mobile is-vertically-aligned-top is-image-fill bs-naglowek-szablonu-kolumny\"><figure class=\"wp-block-media-text__media\" style=\"background-image:url(https:\/\/cbkjk.uwr.edu.pl\/wp-content\/uploads\/sites\/671\/2024\/11\/12a-1024x683.webp);background-position:50% 50%\"><img loading=\"lazy\" decoding=\"async\" width=\"1024\" height=\"683\" src=\"https:\/\/cbkjk.uwr.edu.pl\/wp-content\/uploads\/sites\/671\/2024\/11\/12a-1024x683.webp\" alt=\"Zesp\u00f3\u0142 Centrum Bada\u0144 Kognitywnych nad J\u0119zykiem i Komunikacj\u0105\" class=\"wp-image-24770 size-full\" srcset=\"https:\/\/cbkjk.uwr.edu.pl\/wp-content\/uploads\/sites\/671\/2024\/11\/12a-1024x683.webp 1024w, https:\/\/cbkjk.uwr.edu.pl\/wp-content\/uploads\/sites\/671\/2024\/11\/12a-300x200.webp 300w, https:\/\/cbkjk.uwr.edu.pl\/wp-content\/uploads\/sites\/671\/2024\/11\/12a-768x512.webp 768w, https:\/\/cbkjk.uwr.edu.pl\/wp-content\/uploads\/sites\/671\/2024\/11\/12a-1320x880.webp 1320w, https:\/\/cbkjk.uwr.edu.pl\/wp-content\/uploads\/sites\/671\/2024\/11\/12a-24x16.webp 24w, https:\/\/cbkjk.uwr.edu.pl\/wp-content\/uploads\/sites\/671\/2024\/11\/12a-36x24.webp 36w, https:\/\/cbkjk.uwr.edu.pl\/wp-content\/uploads\/sites\/671\/2024\/11\/12a-48x32.webp 48w, https:\/\/cbkjk.uwr.edu.pl\/wp-content\/uploads\/sites\/671\/2024\/11\/12a.webp 1363w\" sizes=\"auto, (max-width: 1024px) 100vw, 1024px\" \/><\/figure><div class=\"wp-block-media-text__content\">\n<div class=\"wp-block-bonasoft-modular-breadcrumbs-block\"><div class=\"bs_add_breadcrumb_trail\"><\/div><\/div>\n\n\n\n<hr class=\"wp-block-separator has-text-color has-black-color has-css-opacity has-black-background-color has-background is-style-wide bs-border-kontakt\"\/>\n\n\n<h1 style=\"font-style:normal;font-weight:700;\" class=\"bs-naglowek-podstrony wp-block-post-title\">Remembrance<\/h1>\n\n\n<div style=\"height:50px\" aria-hidden=\"true\" class=\"wp-block-spacer\"><\/div>\n\n\n\n<p>This page is dedicated to preserving memories and serves as a repository of archival materials documenting the history of our research community.<\/p>\n<\/div><\/div>\n\n\n\n<div class=\"wp-block-ugb-container ugb-container bs-strona-konferencje ugb-002ab8b ugb-container--v2 ugb-container--design-plain ugb-main-block\"><style>@media screen and (min-width:768px){.ugb-002ab8b.ugb-container{margin-bottom:0% !important;margin-right:6% !important;margin-left:6% !important}}@media screen and (min-width:768px){.ugb-002ab8b > .ugb-inner-block > .ugb-block-content > *{padding-top:0px !important;padding-bottom:0px !important;padding-right:0px !important;padding-left:0px !important}}<\/style><div class=\"ugb-inner-block\"><div class=\"ugb-block-content\"><div class=\"ugb-container__wrapper ugb-002ab8b-wrapper\"><div class=\"ugb-container__side\"><div class=\"ugb-container__content-wrapper ugb-002ab8b-content-wrapper\">\n<h2 class=\"wp-block-heading\">In memory of Agnieszka Libura<\/h2>\n\n\n\n<div class=\"wp-block-media-text is-stacked-on-mobile\" style=\"grid-template-columns:20% auto\"><figure class=\"wp-block-media-text__media\"><img loading=\"lazy\" decoding=\"async\" width=\"891\" height=\"714\" src=\"https:\/\/cbkjk.uwr.edu.pl\/wp-content\/uploads\/sites\/671\/2024\/11\/AL3.webp\" alt=\"Agnieszka Libura\" class=\"wp-image-24974 size-full\" srcset=\"https:\/\/cbkjk.uwr.edu.pl\/wp-content\/uploads\/sites\/671\/2024\/11\/AL3.webp 891w, https:\/\/cbkjk.uwr.edu.pl\/wp-content\/uploads\/sites\/671\/2024\/11\/AL3-300x240.webp 300w, https:\/\/cbkjk.uwr.edu.pl\/wp-content\/uploads\/sites\/671\/2024\/11\/AL3-768x615.webp 768w, https:\/\/cbkjk.uwr.edu.pl\/wp-content\/uploads\/sites\/671\/2024\/11\/AL3-24x19.webp 24w, https:\/\/cbkjk.uwr.edu.pl\/wp-content\/uploads\/sites\/671\/2024\/11\/AL3-36x29.webp 36w, https:\/\/cbkjk.uwr.edu.pl\/wp-content\/uploads\/sites\/671\/2024\/11\/AL3-48x38.webp 48w\" sizes=\"auto, (max-width: 891px) 100vw, 891px\" \/><\/figure><div class=\"wp-block-media-text__content\">\n<p>Soon.<\/p>\n<\/div><\/div>\n\n\n\n<p>Professor Agnieszka Libura was a long-time faculty member at the Department of Applied Linguistics within the Institute of Polish Philology at the University of Wroc\u0142aw. She served as Vice President (2014) and later as President (2015\u20132019) of the Polish Cognitive Linguistics Association, where she also oversaw the journal <em>LaMiCuS<\/em>. She founded and directed the Center for Cognitive Research on Language and Communication at the Faculty of Philology, University of Wroc\u0142aw.<\/p>\n\n\n\n<p>Her research focused primarily on linguistic semantics and pragmatics, with a particular affinity for theories within the cognitive research paradigm. She also explored language acquisition, the intersections of linguistics with disciplines such as psychology and neurobiology, contemporary metaphor theories, and the methodology of linguistic research.<\/p>\n\n\n\n<p>Professor Libura authored numerous scholarly works, including the monographs <em>Imagination in Language: Lexical Correlates of CENTRE-PERIPHERY and FORCE Image Schemas<\/em> (2000) and <em>The Theory of Mental Spaces and Conceptual Integration: Structure and Functionality of the Model<\/em> (2010). She also edited and co-edited volumes such as <em>Cognitive Blends in Art<\/em> (2007), <em>Sapientia Ars Vivendi<\/em> (2013), <em>From Conceptual Metaphor Theory to Cognitive Ethnolinguistics: Patterns of Imagery in Language<\/em> (2014), and <em>Cognitive Investigations<\/em> (2018).<\/p>\n\n\n\n<p>She delivered lectures and seminars on topics such as communication theory, research methodology in linguistics, cognitive metaphor theory, cognitive blend theory, cognitive studies on humor, and introductions to cognitive linguistics, semantics, and pragmatics. Additionally, she worked as a language instructor at the School of Polish Language and Culture for Foreigners, teaching students at institutions like Humboldt University in Berlin.<\/p>\n\n\n\n<p>Professor Libura skillfully combined her academic research with teaching, inspiring countless students and doctoral candidates. She had a profound influence on fellow researchers, actively promoting cognitive linguistics. Known for her openness and curiosity, she cherished nature and enjoyed long mountain hikes.<\/p>\n\n\n\n<p><em>Dr. hab. Anna \u017burek, Professor at the University of Wroc\u0142aw<br>Head of the Department of Applied Linguistics<\/em><\/p>\n<\/div><\/div><\/div><\/div><\/div><\/div>\n<\/div><\/div><\/div><\/div><\/div><\/div>\n","protected":false},"excerpt":{"rendered":"<p>This page is dedicated to preserving memories and serves as a repository of archival materials documenting the history of our research community. In memory of Agnieszka Libura Soon. Professor Agnieszka Libura was a long-time faculty member at the Department of Applied Linguistics within the Institute of Polish Philology at the University of Wroc\u0142aw. She served [&hellip;]<\/p>\n","protected":false},"author":37,"featured_media":0,"parent":0,"menu_order":0,"comment_status":"closed","ping_status":"closed","template":"","meta":{"_acf_changed":false,"inline_featured_image":false,"site-sidebar-layout":"default","site-content-layout":"","ast-site-content-layout":"default","site-content-style":"default","site-sidebar-style":"default","ast-global-header-display":"","ast-banner-title-visibility":"","ast-main-header-display":"","ast-hfb-above-header-display":"","ast-hfb-below-header-display":"","ast-hfb-mobile-header-display":"","site-post-title":"","ast-breadcrumbs-content":"","ast-featured-img":"","footer-sml-layout":"","ast-disable-related-posts":"","theme-transparent-header-meta":"","adv-header-id-meta":"","stick-header-meta":"","header-above-stick-meta":"","header-main-stick-meta":"","header-below-stick-meta":"","astra-migrate-meta-layouts":"set","ast-page-background-enabled":"default","ast-page-background-meta":{"desktop":{"background-color":"","background-image":"","background-repeat":"repeat","background-position":"center center","background-size":"auto","background-attachment":"scroll","background-type":"","background-media":"","overlay-type":"","overlay-color":"","overlay-opacity":"","overlay-gradient":""},"tablet":{"background-color":"","background-image":"","background-repeat":"repeat","background-position":"center center","background-size":"auto","background-attachment":"scroll","background-type":"","background-media":"","overlay-type":"","overlay-color":"","overlay-opacity":"","overlay-gradient":""},"mobile":{"background-color":"","background-image":"","background-repeat":"repeat","background-position":"center center","background-size":"auto","background-attachment":"scroll","background-type":"","background-media":"","overlay-type":"","overlay-color":"","overlay-opacity":"","overlay-gradient":""}},"ast-content-background-meta":{"desktop":{"background-color":"var(--ast-global-color-5)","background-image":"","background-repeat":"repeat","background-position":"center center","background-size":"auto","background-attachment":"scroll","background-type":"","background-media":"","overlay-type":"","overlay-color":"","overlay-opacity":"","overlay-gradient":""},"tablet":{"background-color":"var(--ast-global-color-5)","background-image":"","background-repeat":"repeat","background-position":"center center","background-size":"auto","background-attachment":"scroll","background-type":"","background-media":"","overlay-type":"","overlay-color":"","overlay-opacity":"","overlay-gradient":""},"mobile":{"background-color":"var(--ast-global-color-5)","background-image":"","background-repeat":"repeat","background-position":"center center","background-size":"auto","background-attachment":"scroll","background-type":"","background-media":"","overlay-type":"","overlay-color":"","overlay-opacity":"","overlay-gradient":""}},"footnotes":""},"categories":[],"tags":[],"class_list":["post-25064","page","type-page","status-publish","hentry"],"featured_image_urls_v2":{"full":"","thumbnail":"","medium":"","medium_large":"","large":"","1536x1536":"","2048x2048":"","menu-24x24":"","menu-36x36":"","menu-48x48":""},"post_excerpt_stackable_v2":"<p>Remembrance This page is dedicated to preserving memories and serves as a repository of archival materials documenting the history of our research community. In memory of Agnieszka Libura Soon. Professor Agnieszka Libura was a long-time faculty member at the Department of Applied Linguistics within the Institute of Polish Philology at the University of Wroc\u0142aw. She served as Vice President (2014) and later as President (2015\u20132019) of the Polish Cognitive Linguistics Association, where she also oversaw the journal LaMiCuS. She founded and directed the Center for Cognitive Research on Language and Communication at the Faculty of Philology, University of Wroc\u0142aw. Her&hellip;<\/p>\n","category_list_v2":"Uncategorized","author_info_v2":{"name":"Izabela Jaraszek","url":"https:\/\/cbkjk.uwr.edu.pl\/en\/author\/ijaraszek\/"},"comments_num_v2":"0 comments","acf":[],"yoast_head":"<!-- This site is optimized with the Yoast SEO plugin v27.1.1 - https:\/\/yoast.com\/product\/yoast-seo-wordpress\/ -->\n<title>Remembrance - Centrum Bada\u0144 Kognitywnych nad J\u0119zykiem i Komunikacj\u0105<\/title>\n<meta name=\"robots\" content=\"index, follow, max-snippet:-1, max-image-preview:large, max-video-preview:-1\" \/>\n<link rel=\"canonical\" href=\"https:\/\/cbkjk.uwr.edu.pl\/en\/remembrance\/\" \/>\n<meta property=\"og:locale\" content=\"en_US\" \/>\n<meta property=\"og:type\" content=\"article\" \/>\n<meta property=\"og:title\" content=\"Remembrance - Centrum Bada\u0144 Kognitywnych nad J\u0119zykiem i Komunikacj\u0105\" \/>\n<meta property=\"og:description\" content=\"This page is dedicated to preserving memories and serves as a repository of archival materials documenting the history of our research community. In memory of Agnieszka Libura Soon. Professor Agnieszka Libura was a long-time faculty member at the Department of Applied Linguistics within the Institute of Polish Philology at the University of Wroc\u0142aw. She served [&hellip;]\" \/>\n<meta property=\"og:url\" content=\"https:\/\/cbkjk.uwr.edu.pl\/en\/remembrance\/\" \/>\n<meta property=\"og:site_name\" content=\"Centrum Bada\u0144 Kognitywnych nad J\u0119zykiem i Komunikacj\u0105\" \/>\n<meta property=\"article:modified_time\" content=\"2024-12-04T08:14:34+00:00\" \/>\n<meta property=\"og:image\" content=\"https:\/\/cbkjk.uwr.edu.pl\/wp-content\/uploads\/sites\/671\/2024\/11\/12a.webp\" \/>\n\t<meta property=\"og:image:width\" content=\"1363\" \/>\n\t<meta property=\"og:image:height\" content=\"909\" \/>\n\t<meta property=\"og:image:type\" content=\"image\/webp\" \/>\n<meta name=\"twitter:card\" content=\"summary_large_image\" \/>\n<meta name=\"twitter:label1\" content=\"Est. reading time\" \/>\n\t<meta name=\"twitter:data1\" content=\"3 minutes\" \/>\n<script type=\"application\/ld+json\" class=\"yoast-schema-graph\">{\"@context\":\"https:\/\/schema.org\",\"@graph\":[{\"@type\":\"WebPage\",\"@id\":\"https:\/\/cbkjk.uwr.edu.pl\/en\/remembrance\/\",\"url\":\"https:\/\/cbkjk.uwr.edu.pl\/en\/remembrance\/\",\"name\":\"Remembrance - Centrum Bada\u0144 Kognitywnych nad J\u0119zykiem i Komunikacj\u0105\",\"isPartOf\":{\"@id\":\"https:\/\/cbkjk.uwr.edu.pl\/#website\"},\"primaryImageOfPage\":{\"@id\":\"https:\/\/cbkjk.uwr.edu.pl\/en\/remembrance\/#primaryimage\"},\"image\":{\"@id\":\"https:\/\/cbkjk.uwr.edu.pl\/en\/remembrance\/#primaryimage\"},\"thumbnailUrl\":\"https:\/\/cbkjk.uwr.edu.pl\/wp-content\/uploads\/sites\/671\/2024\/11\/12a-1024x683.webp\",\"datePublished\":\"2024-11-20T11:38:56+00:00\",\"dateModified\":\"2024-12-04T08:14:34+00:00\",\"breadcrumb\":{\"@id\":\"https:\/\/cbkjk.uwr.edu.pl\/en\/remembrance\/#breadcrumb\"},\"inLanguage\":\"en-US\",\"potentialAction\":[{\"@type\":\"ReadAction\",\"target\":[\"https:\/\/cbkjk.uwr.edu.pl\/en\/remembrance\/\"]}]},{\"@type\":\"ImageObject\",\"inLanguage\":\"en-US\",\"@id\":\"https:\/\/cbkjk.uwr.edu.pl\/en\/remembrance\/#primaryimage\",\"url\":\"https:\/\/cbkjk.uwr.edu.pl\/wp-content\/uploads\/sites\/671\/2024\/11\/12a-1024x683.webp\",\"contentUrl\":\"https:\/\/cbkjk.uwr.edu.pl\/wp-content\/uploads\/sites\/671\/2024\/11\/12a-1024x683.webp\"},{\"@type\":\"BreadcrumbList\",\"@id\":\"https:\/\/cbkjk.uwr.edu.pl\/en\/remembrance\/#breadcrumb\",\"itemListElement\":[{\"@type\":\"ListItem\",\"position\":1,\"name\":\"Strona g\u0142\u00f3wna\",\"item\":\"https:\/\/cbkjk.uwr.edu.pl\/en\/\"},{\"@type\":\"ListItem\",\"position\":2,\"name\":\"Remembrance\"}]},{\"@type\":\"WebSite\",\"@id\":\"https:\/\/cbkjk.uwr.edu.pl\/#website\",\"url\":\"https:\/\/cbkjk.uwr.edu.pl\/\",\"name\":\"Centrum Bada\u0144 Kognitywnych nad J\u0119zykiem i Komunikacj\u0105\",\"description\":\"Kolejna witryna sieci \u201eUWR Witryny\u201d\",\"publisher\":{\"@id\":\"https:\/\/cbkjk.uwr.edu.pl\/#organization\"},\"potentialAction\":[{\"@type\":\"SearchAction\",\"target\":{\"@type\":\"EntryPoint\",\"urlTemplate\":\"https:\/\/cbkjk.uwr.edu.pl\/?s={search_term_string}\"},\"query-input\":{\"@type\":\"PropertyValueSpecification\",\"valueRequired\":true,\"valueName\":\"search_term_string\"}}],\"inLanguage\":\"en-US\"},{\"@type\":\"Organization\",\"@id\":\"https:\/\/cbkjk.uwr.edu.pl\/#organization\",\"name\":\"Centrum Bada\u0144 Kognitywnych nad J\u0119zykiem i Komunikacj\u0105\",\"url\":\"https:\/\/cbkjk.uwr.edu.pl\/\",\"logo\":{\"@type\":\"ImageObject\",\"inLanguage\":\"en-US\",\"@id\":\"https:\/\/cbkjk.uwr.edu.pl\/#\/schema\/logo\/image\/\",\"url\":\"https:\/\/cbkjk.uwr.edu.pl\/wp-content\/uploads\/sites\/671\/2025\/10\/UWr-logotyp-2025.png\",\"contentUrl\":\"https:\/\/cbkjk.uwr.edu.pl\/wp-content\/uploads\/sites\/671\/2025\/10\/UWr-logotyp-2025.png\",\"width\":764,\"height\":269,\"caption\":\"Centrum Bada\u0144 Kognitywnych nad J\u0119zykiem i Komunikacj\u0105\"},\"image\":{\"@id\":\"https:\/\/cbkjk.uwr.edu.pl\/#\/schema\/logo\/image\/\"}}]}<\/script>\n<!-- \/ Yoast SEO plugin. -->","yoast_head_json":{"title":"Remembrance - Centrum Bada\u0144 Kognitywnych nad J\u0119zykiem i Komunikacj\u0105","robots":{"index":"index","follow":"follow","max-snippet":"max-snippet:-1","max-image-preview":"max-image-preview:large","max-video-preview":"max-video-preview:-1"},"canonical":"https:\/\/cbkjk.uwr.edu.pl\/en\/remembrance\/","og_locale":"en_US","og_type":"article","og_title":"Remembrance - Centrum Bada\u0144 Kognitywnych nad J\u0119zykiem i Komunikacj\u0105","og_description":"This page is dedicated to preserving memories and serves as a repository of archival materials documenting the history of our research community. In memory of Agnieszka Libura Soon. Professor Agnieszka Libura was a long-time faculty member at the Department of Applied Linguistics within the Institute of Polish Philology at the University of Wroc\u0142aw. She served [&hellip;]","og_url":"https:\/\/cbkjk.uwr.edu.pl\/en\/remembrance\/","og_site_name":"Centrum Bada\u0144 Kognitywnych nad J\u0119zykiem i Komunikacj\u0105","article_modified_time":"2024-12-04T08:14:34+00:00","og_image":[{"width":1363,"height":909,"url":"https:\/\/cbkjk.uwr.edu.pl\/wp-content\/uploads\/sites\/671\/2024\/11\/12a.webp","type":"image\/webp"}],"twitter_card":"summary_large_image","twitter_misc":{"Est. reading time":"3 minutes"},"schema":{"@context":"https:\/\/schema.org","@graph":[{"@type":"WebPage","@id":"https:\/\/cbkjk.uwr.edu.pl\/en\/remembrance\/","url":"https:\/\/cbkjk.uwr.edu.pl\/en\/remembrance\/","name":"Remembrance - Centrum Bada\u0144 Kognitywnych nad J\u0119zykiem i Komunikacj\u0105","isPartOf":{"@id":"https:\/\/cbkjk.uwr.edu.pl\/#website"},"primaryImageOfPage":{"@id":"https:\/\/cbkjk.uwr.edu.pl\/en\/remembrance\/#primaryimage"},"image":{"@id":"https:\/\/cbkjk.uwr.edu.pl\/en\/remembrance\/#primaryimage"},"thumbnailUrl":"https:\/\/cbkjk.uwr.edu.pl\/wp-content\/uploads\/sites\/671\/2024\/11\/12a-1024x683.webp","datePublished":"2024-11-20T11:38:56+00:00","dateModified":"2024-12-04T08:14:34+00:00","breadcrumb":{"@id":"https:\/\/cbkjk.uwr.edu.pl\/en\/remembrance\/#breadcrumb"},"inLanguage":"en-US","potentialAction":[{"@type":"ReadAction","target":["https:\/\/cbkjk.uwr.edu.pl\/en\/remembrance\/"]}]},{"@type":"ImageObject","inLanguage":"en-US","@id":"https:\/\/cbkjk.uwr.edu.pl\/en\/remembrance\/#primaryimage","url":"https:\/\/cbkjk.uwr.edu.pl\/wp-content\/uploads\/sites\/671\/2024\/11\/12a-1024x683.webp","contentUrl":"https:\/\/cbkjk.uwr.edu.pl\/wp-content\/uploads\/sites\/671\/2024\/11\/12a-1024x683.webp"},{"@type":"BreadcrumbList","@id":"https:\/\/cbkjk.uwr.edu.pl\/en\/remembrance\/#breadcrumb","itemListElement":[{"@type":"ListItem","position":1,"name":"Strona g\u0142\u00f3wna","item":"https:\/\/cbkjk.uwr.edu.pl\/en\/"},{"@type":"ListItem","position":2,"name":"Remembrance"}]},{"@type":"WebSite","@id":"https:\/\/cbkjk.uwr.edu.pl\/#website","url":"https:\/\/cbkjk.uwr.edu.pl\/","name":"Centrum Bada\u0144 Kognitywnych nad J\u0119zykiem i Komunikacj\u0105","description":"Kolejna witryna sieci \u201eUWR Witryny\u201d","publisher":{"@id":"https:\/\/cbkjk.uwr.edu.pl\/#organization"},"potentialAction":[{"@type":"SearchAction","target":{"@type":"EntryPoint","urlTemplate":"https:\/\/cbkjk.uwr.edu.pl\/?s={search_term_string}"},"query-input":{"@type":"PropertyValueSpecification","valueRequired":true,"valueName":"search_term_string"}}],"inLanguage":"en-US"},{"@type":"Organization","@id":"https:\/\/cbkjk.uwr.edu.pl\/#organization","name":"Centrum Bada\u0144 Kognitywnych nad J\u0119zykiem i Komunikacj\u0105","url":"https:\/\/cbkjk.uwr.edu.pl\/","logo":{"@type":"ImageObject","inLanguage":"en-US","@id":"https:\/\/cbkjk.uwr.edu.pl\/#\/schema\/logo\/image\/","url":"https:\/\/cbkjk.uwr.edu.pl\/wp-content\/uploads\/sites\/671\/2025\/10\/UWr-logotyp-2025.png","contentUrl":"https:\/\/cbkjk.uwr.edu.pl\/wp-content\/uploads\/sites\/671\/2025\/10\/UWr-logotyp-2025.png","width":764,"height":269,"caption":"Centrum Bada\u0144 Kognitywnych nad J\u0119zykiem i Komunikacj\u0105"},"image":{"@id":"https:\/\/cbkjk.uwr.edu.pl\/#\/schema\/logo\/image\/"}}]}},"publishpress_future_action":{"enabled":false,"date":"2026-04-20 05:08:19","action":"change-status","newStatus":"draft","terms":[],"taxonomy":"category","extraData":[]},"publishpress_future_workflow_manual_trigger":{"enabledWorkflows":[]},"_links":{"self":[{"href":"https:\/\/cbkjk.uwr.edu.pl\/en\/wp-json\/wp\/v2\/pages\/25064\/"}],"collection":[{"href":"https:\/\/cbkjk.uwr.edu.pl\/en\/wp-json\/wp\/v2\/pages\/"}],"about":[{"href":"https:\/\/cbkjk.uwr.edu.pl\/en\/wp-json\/wp\/v2\/types\/page\/"}],"author":[{"embeddable":true,"href":"https:\/\/cbkjk.uwr.edu.pl\/en\/wp-json\/wp\/v2\/users\/37\/"}],"replies":[{"embeddable":true,"href":"https:\/\/cbkjk.uwr.edu.pl\/en\/wp-json\/wp\/v2\/comments\/?post=25064"}],"version-history":[{"count":2,"href":"https:\/\/cbkjk.uwr.edu.pl\/en\/wp-json\/wp\/v2\/pages\/25064\/revisions\/"}],"predecessor-version":[{"id":25325,"href":"https:\/\/cbkjk.uwr.edu.pl\/en\/wp-json\/wp\/v2\/pages\/25064\/revisions\/25325\/"}],"wp:attachment":[{"href":"https:\/\/cbkjk.uwr.edu.pl\/en\/wp-json\/wp\/v2\/media\/?parent=25064"}],"wp:term":[{"taxonomy":"category","embeddable":true,"href":"https:\/\/cbkjk.uwr.edu.pl\/en\/wp-json\/wp\/v2\/categories\/?post=25064"},{"taxonomy":"post_tag","embeddable":true,"href":"https:\/\/cbkjk.uwr.edu.pl\/en\/wp-json\/wp\/v2\/tags\/?post=25064"}],"curies":[{"name":"wp","href":"https:\/\/api.w.org\/{rel}","templated":true}]}}