{"id":25052,"date":"2024-11-20T12:38:51","date_gmt":"2024-11-20T11:38:51","guid":{"rendered":"https:\/\/cbkjk.uwr.edu.pl\/dolacz-do-nas\/"},"modified":"2024-12-04T09:50:32","modified_gmt":"2024-12-04T08:50:32","slug":"dolacz-do-nas","status":"publish","type":"page","link":"https:\/\/cbkjk.uwr.edu.pl\/en\/dolacz-do-nas\/","title":{"rendered":"Join us"},"content":{"rendered":"\n<div class=\"alignfull wp-block-ugb-container ugb-container bs-konferencje-akordeony ugb-12c4a27 ugb-container--v2 ugb-container--design-plain ugb-main-block\"><style>@media screen and (min-width:768px){.ugb-12c4a27.ugb-container{margin-bottom:0px !important;padding-right:0px !important;padding-bottom:50px !important;padding-left:0px !important}}@media screen and (min-width:768px){.ugb-12c4a27 > .ugb-inner-block > .ugb-block-content > *{padding-top:0px !important;padding-bottom:0px !important;padding-right:0px !important;padding-left:0px !important}}<\/style><div class=\"ugb-inner-block\"><div class=\"ugb-block-content\"><div class=\"ugb-container__wrapper ugb-12c4a27-wrapper\"><div class=\"ugb-container__side\"><div class=\"ugb-container__content-wrapper ugb-12c4a27-content-wrapper\">\n<div class=\"wp-block-media-text alignwide is-stacked-on-mobile is-vertically-aligned-top is-image-fill bs-naglowek-szablonu-kolumny\"><figure class=\"wp-block-media-text__media\" style=\"background-image:url(https:\/\/uwr.edu.pl\/wp-content\/uploads\/2022\/02\/kontakt.jpg);background-position:99% 75%\"><img decoding=\"async\" src=\"https:\/\/uwr.edu.pl\/wp-content\/uploads\/2022\/02\/kontakt.jpg\" alt=\"znak zapytania\" class=\"wp-image-22318 size-full\"\/><\/figure><div class=\"wp-block-media-text__content\">\n<div class=\"wp-block-bonasoft-modular-breadcrumbs-block\"><div class=\"bs_add_breadcrumb_trail\"><\/div><\/div>\n\n\n\n<hr class=\"wp-block-separator has-text-color has-black-color has-css-opacity has-black-background-color has-background is-style-wide bs-border-kontakt\"\/>\n\n\n<h1 style=\"font-style:normal;font-weight:700;\" class=\"bs-naglowek-podstrony wp-block-post-title\">Join us<\/h1>\n\n\n<div style=\"height:21px\" aria-hidden=\"true\" class=\"wp-block-spacer\"><\/div>\n\n\n\n<p>Please send your biographical note&nbsp;in Polish and in English to the Presidiums email address:<\/p>\n\n\n\n<p>Marek Ku\u017aniak \u2013\u00a0<a href=\"mailto:marek.kuzniak@uwr.edu.pl\">marek.kuzniak@uwr.edu.pl<\/a><br>Zuzanna Bu\u0142at-Silva \u2013\u00a0<a href=\"mailto:zuzanna.bulat-silva@uwr.edu.pl\">zuzanna.bulat-silva@uwr.edu.pl<\/a><br>Rafa\u0142 Szubert \u2013\u00a0<a href=\"mailto:rafal.szubert@uwr.edu.pl\">rafal.szubert@uwr.edu.pl<\/a><br><br>After the Presidium reviews your application, you will receive feedback on their decision.<\/p>\n<\/div><\/div>\n<\/div><\/div><\/div><\/div><\/div><\/div>\n\n\n\n<p><\/p>\n","protected":false},"excerpt":{"rendered":"<p>Please send your biographical note&nbsp;in Polish and in English to the Presidiums email address: Marek Ku\u017aniak \u2013\u00a0marek.kuzniak@uwr.edu.plZuzanna Bu\u0142at-Silva \u2013\u00a0zuzanna.bulat-silva@uwr.edu.plRafa\u0142 Szubert \u2013\u00a0rafal.szubert@uwr.edu.pl After the Presidium reviews your application, you will receive feedback on their decision.<\/p>\n","protected":false},"author":37,"featured_media":0,"parent":0,"menu_order":0,"comment_status":"closed","ping_status":"closed","template":"","meta":{"_acf_changed":false,"inline_featured_image":false,"site-sidebar-layout":"default","site-content-layout":"","ast-site-content-layout":"default","site-content-style":"default","site-sidebar-style":"default","ast-global-header-display":"","ast-banner-title-visibility":"","ast-main-header-display":"","ast-hfb-above-header-display":"","ast-hfb-below-header-display":"","ast-hfb-mobile-header-display":"","site-post-title":"","ast-breadcrumbs-content":"","ast-featured-img":"","footer-sml-layout":"","ast-disable-related-posts":"","theme-transparent-header-meta":"","adv-header-id-meta":"","stick-header-meta":"","header-above-stick-meta":"","header-main-stick-meta":"","header-below-stick-meta":"","astra-migrate-meta-layouts":"set","ast-page-background-enabled":"default","ast-page-background-meta":{"desktop":{"background-color":"","background-image":"","background-repeat":"repeat","background-position":"center center","background-size":"auto","background-attachment":"scroll","background-type":"","background-media":"","overlay-type":"","overlay-color":"","overlay-opacity":"","overlay-gradient":""},"tablet":{"background-color":"","background-image":"","background-repeat":"repeat","background-position":"center center","background-size":"auto","background-attachment":"scroll","background-type":"","background-media":"","overlay-type":"","overlay-color":"","overlay-opacity":"","overlay-gradient":""},"mobile":{"background-color":"","background-image":"","background-repeat":"repeat","background-position":"center center","background-size":"auto","background-attachment":"scroll","background-type":"","background-media":"","overlay-type":"","overlay-color":"","overlay-opacity":"","overlay-gradient":""}},"ast-content-background-meta":{"desktop":{"background-color":"var(--ast-global-color-5)","background-image":"","background-repeat":"repeat","background-position":"center center","background-size":"auto","background-attachment":"scroll","background-type":"","background-media":"","overlay-type":"","overlay-color":"","overlay-opacity":"","overlay-gradient":""},"tablet":{"background-color":"var(--ast-global-color-5)","background-image":"","background-repeat":"repeat","background-position":"center center","background-size":"auto","background-attachment":"scroll","background-type":"","background-media":"","overlay-type":"","overlay-color":"","overlay-opacity":"","overlay-gradient":""},"mobile":{"background-color":"var(--ast-global-color-5)","background-image":"","background-repeat":"repeat","background-position":"center center","background-size":"auto","background-attachment":"scroll","background-type":"","background-media":"","overlay-type":"","overlay-color":"","overlay-opacity":"","overlay-gradient":""}},"footnotes":""},"categories":[],"tags":[],"class_list":["post-25052","page","type-page","status-publish","hentry"],"featured_image_urls_v2":{"full":"","thumbnail":"","medium":"","medium_large":"","large":"","1536x1536":"","2048x2048":"","menu-24x24":"","menu-36x36":"","menu-48x48":""},"post_excerpt_stackable_v2":"<p>Join us Please send your biographical note&nbsp;in Polish and in English to the Presidiums email address: Marek Ku\u017aniak \u2013\u00a0marek.kuzniak@uwr.edu.plZuzanna Bu\u0142at-Silva \u2013\u00a0zuzanna.bulat-silva@uwr.edu.plRafa\u0142 Szubert \u2013\u00a0rafal.szubert@uwr.edu.plAfter the Presidium reviews your application, you will receive feedback on their decision.<\/p>\n","category_list_v2":"Uncategorized","author_info_v2":{"name":"Izabela Jaraszek","url":"https:\/\/cbkjk.uwr.edu.pl\/en\/author\/ijaraszek\/"},"comments_num_v2":"0 comments","acf":[],"yoast_head":"<!-- This site is optimized with the Yoast SEO plugin v27.1.1 - https:\/\/yoast.com\/product\/yoast-seo-wordpress\/ -->\n<title>Join us - Centrum Bada\u0144 Kognitywnych nad J\u0119zykiem i Komunikacj\u0105<\/title>\n<meta name=\"robots\" content=\"index, follow, max-snippet:-1, max-image-preview:large, max-video-preview:-1\" \/>\n<link rel=\"canonical\" href=\"https:\/\/cbkjk.uwr.edu.pl\/en\/dolacz-do-nas\/\" \/>\n<meta property=\"og:locale\" content=\"en_US\" \/>\n<meta property=\"og:type\" content=\"article\" \/>\n<meta property=\"og:title\" content=\"Join us - Centrum Bada\u0144 Kognitywnych nad J\u0119zykiem i Komunikacj\u0105\" \/>\n<meta property=\"og:description\" content=\"Please send your biographical note&nbsp;in Polish and in English to the Presidiums email address: Marek Ku\u017aniak \u2013\u00a0marek.kuzniak@uwr.edu.plZuzanna Bu\u0142at-Silva \u2013\u00a0zuzanna.bulat-silva@uwr.edu.plRafa\u0142 Szubert \u2013\u00a0rafal.szubert@uwr.edu.pl After the Presidium reviews your application, you will receive feedback on their decision.\" \/>\n<meta property=\"og:url\" content=\"https:\/\/cbkjk.uwr.edu.pl\/en\/dolacz-do-nas\/\" \/>\n<meta property=\"og:site_name\" content=\"Centrum Bada\u0144 Kognitywnych nad J\u0119zykiem i Komunikacj\u0105\" \/>\n<meta property=\"article:modified_time\" content=\"2024-12-04T08:50:32+00:00\" \/>\n<meta name=\"twitter:card\" content=\"summary_large_image\" \/>\n<meta name=\"twitter:label1\" content=\"Est. reading time\" \/>\n\t<meta name=\"twitter:data1\" content=\"1 minute\" \/>\n<script type=\"application\/ld+json\" class=\"yoast-schema-graph\">{\"@context\":\"https:\/\/schema.org\",\"@graph\":[{\"@type\":\"WebPage\",\"@id\":\"https:\/\/cbkjk.uwr.edu.pl\/en\/dolacz-do-nas\/\",\"url\":\"https:\/\/cbkjk.uwr.edu.pl\/en\/dolacz-do-nas\/\",\"name\":\"Join us - Centrum Bada\u0144 Kognitywnych nad J\u0119zykiem i Komunikacj\u0105\",\"isPartOf\":{\"@id\":\"https:\/\/cbkjk.uwr.edu.pl\/#website\"},\"primaryImageOfPage\":{\"@id\":\"https:\/\/cbkjk.uwr.edu.pl\/en\/dolacz-do-nas\/#primaryimage\"},\"image\":{\"@id\":\"https:\/\/cbkjk.uwr.edu.pl\/en\/dolacz-do-nas\/#primaryimage\"},\"thumbnailUrl\":\"https:\/\/uwr.edu.pl\/wp-content\/uploads\/2022\/02\/kontakt.jpg\",\"datePublished\":\"2024-11-20T11:38:51+00:00\",\"dateModified\":\"2024-12-04T08:50:32+00:00\",\"breadcrumb\":{\"@id\":\"https:\/\/cbkjk.uwr.edu.pl\/en\/dolacz-do-nas\/#breadcrumb\"},\"inLanguage\":\"en-US\",\"potentialAction\":[{\"@type\":\"ReadAction\",\"target\":[\"https:\/\/cbkjk.uwr.edu.pl\/en\/dolacz-do-nas\/\"]}]},{\"@type\":\"ImageObject\",\"inLanguage\":\"en-US\",\"@id\":\"https:\/\/cbkjk.uwr.edu.pl\/en\/dolacz-do-nas\/#primaryimage\",\"url\":\"https:\/\/uwr.edu.pl\/wp-content\/uploads\/2022\/02\/kontakt.jpg\",\"contentUrl\":\"https:\/\/uwr.edu.pl\/wp-content\/uploads\/2022\/02\/kontakt.jpg\"},{\"@type\":\"BreadcrumbList\",\"@id\":\"https:\/\/cbkjk.uwr.edu.pl\/en\/dolacz-do-nas\/#breadcrumb\",\"itemListElement\":[{\"@type\":\"ListItem\",\"position\":1,\"name\":\"Strona g\u0142\u00f3wna\",\"item\":\"https:\/\/cbkjk.uwr.edu.pl\/en\/\"},{\"@type\":\"ListItem\",\"position\":2,\"name\":\"Join us\"}]},{\"@type\":\"WebSite\",\"@id\":\"https:\/\/cbkjk.uwr.edu.pl\/#website\",\"url\":\"https:\/\/cbkjk.uwr.edu.pl\/\",\"name\":\"Centrum Bada\u0144 Kognitywnych nad J\u0119zykiem i Komunikacj\u0105\",\"description\":\"Kolejna witryna sieci \u201eUWR Witryny\u201d\",\"publisher\":{\"@id\":\"https:\/\/cbkjk.uwr.edu.pl\/#organization\"},\"potentialAction\":[{\"@type\":\"SearchAction\",\"target\":{\"@type\":\"EntryPoint\",\"urlTemplate\":\"https:\/\/cbkjk.uwr.edu.pl\/?s={search_term_string}\"},\"query-input\":{\"@type\":\"PropertyValueSpecification\",\"valueRequired\":true,\"valueName\":\"search_term_string\"}}],\"inLanguage\":\"en-US\"},{\"@type\":\"Organization\",\"@id\":\"https:\/\/cbkjk.uwr.edu.pl\/#organization\",\"name\":\"Centrum Bada\u0144 Kognitywnych nad J\u0119zykiem i Komunikacj\u0105\",\"url\":\"https:\/\/cbkjk.uwr.edu.pl\/\",\"logo\":{\"@type\":\"ImageObject\",\"inLanguage\":\"en-US\",\"@id\":\"https:\/\/cbkjk.uwr.edu.pl\/#\/schema\/logo\/image\/\",\"url\":\"https:\/\/cbkjk.uwr.edu.pl\/wp-content\/uploads\/sites\/671\/2025\/10\/UWr-logotyp-2025.png\",\"contentUrl\":\"https:\/\/cbkjk.uwr.edu.pl\/wp-content\/uploads\/sites\/671\/2025\/10\/UWr-logotyp-2025.png\",\"width\":764,\"height\":269,\"caption\":\"Centrum Bada\u0144 Kognitywnych nad J\u0119zykiem i Komunikacj\u0105\"},\"image\":{\"@id\":\"https:\/\/cbkjk.uwr.edu.pl\/#\/schema\/logo\/image\/\"}}]}<\/script>\n<!-- \/ Yoast SEO plugin. -->","yoast_head_json":{"title":"Join us - Centrum Bada\u0144 Kognitywnych nad J\u0119zykiem i Komunikacj\u0105","robots":{"index":"index","follow":"follow","max-snippet":"max-snippet:-1","max-image-preview":"max-image-preview:large","max-video-preview":"max-video-preview:-1"},"canonical":"https:\/\/cbkjk.uwr.edu.pl\/en\/dolacz-do-nas\/","og_locale":"en_US","og_type":"article","og_title":"Join us - Centrum Bada\u0144 Kognitywnych nad J\u0119zykiem i Komunikacj\u0105","og_description":"Please send your biographical note&nbsp;in Polish and in English to the Presidiums email address: Marek Ku\u017aniak \u2013\u00a0marek.kuzniak@uwr.edu.plZuzanna Bu\u0142at-Silva \u2013\u00a0zuzanna.bulat-silva@uwr.edu.plRafa\u0142 Szubert \u2013\u00a0rafal.szubert@uwr.edu.pl After the Presidium reviews your application, you will receive feedback on their decision.","og_url":"https:\/\/cbkjk.uwr.edu.pl\/en\/dolacz-do-nas\/","og_site_name":"Centrum Bada\u0144 Kognitywnych nad J\u0119zykiem i Komunikacj\u0105","article_modified_time":"2024-12-04T08:50:32+00:00","twitter_card":"summary_large_image","twitter_misc":{"Est. reading time":"1 minute"},"schema":{"@context":"https:\/\/schema.org","@graph":[{"@type":"WebPage","@id":"https:\/\/cbkjk.uwr.edu.pl\/en\/dolacz-do-nas\/","url":"https:\/\/cbkjk.uwr.edu.pl\/en\/dolacz-do-nas\/","name":"Join us - Centrum Bada\u0144 Kognitywnych nad J\u0119zykiem i Komunikacj\u0105","isPartOf":{"@id":"https:\/\/cbkjk.uwr.edu.pl\/#website"},"primaryImageOfPage":{"@id":"https:\/\/cbkjk.uwr.edu.pl\/en\/dolacz-do-nas\/#primaryimage"},"image":{"@id":"https:\/\/cbkjk.uwr.edu.pl\/en\/dolacz-do-nas\/#primaryimage"},"thumbnailUrl":"https:\/\/uwr.edu.pl\/wp-content\/uploads\/2022\/02\/kontakt.jpg","datePublished":"2024-11-20T11:38:51+00:00","dateModified":"2024-12-04T08:50:32+00:00","breadcrumb":{"@id":"https:\/\/cbkjk.uwr.edu.pl\/en\/dolacz-do-nas\/#breadcrumb"},"inLanguage":"en-US","potentialAction":[{"@type":"ReadAction","target":["https:\/\/cbkjk.uwr.edu.pl\/en\/dolacz-do-nas\/"]}]},{"@type":"ImageObject","inLanguage":"en-US","@id":"https:\/\/cbkjk.uwr.edu.pl\/en\/dolacz-do-nas\/#primaryimage","url":"https:\/\/uwr.edu.pl\/wp-content\/uploads\/2022\/02\/kontakt.jpg","contentUrl":"https:\/\/uwr.edu.pl\/wp-content\/uploads\/2022\/02\/kontakt.jpg"},{"@type":"BreadcrumbList","@id":"https:\/\/cbkjk.uwr.edu.pl\/en\/dolacz-do-nas\/#breadcrumb","itemListElement":[{"@type":"ListItem","position":1,"name":"Strona g\u0142\u00f3wna","item":"https:\/\/cbkjk.uwr.edu.pl\/en\/"},{"@type":"ListItem","position":2,"name":"Join us"}]},{"@type":"WebSite","@id":"https:\/\/cbkjk.uwr.edu.pl\/#website","url":"https:\/\/cbkjk.uwr.edu.pl\/","name":"Centrum Bada\u0144 Kognitywnych nad J\u0119zykiem i Komunikacj\u0105","description":"Kolejna witryna sieci \u201eUWR Witryny\u201d","publisher":{"@id":"https:\/\/cbkjk.uwr.edu.pl\/#organization"},"potentialAction":[{"@type":"SearchAction","target":{"@type":"EntryPoint","urlTemplate":"https:\/\/cbkjk.uwr.edu.pl\/?s={search_term_string}"},"query-input":{"@type":"PropertyValueSpecification","valueRequired":true,"valueName":"search_term_string"}}],"inLanguage":"en-US"},{"@type":"Organization","@id":"https:\/\/cbkjk.uwr.edu.pl\/#organization","name":"Centrum Bada\u0144 Kognitywnych nad J\u0119zykiem i Komunikacj\u0105","url":"https:\/\/cbkjk.uwr.edu.pl\/","logo":{"@type":"ImageObject","inLanguage":"en-US","@id":"https:\/\/cbkjk.uwr.edu.pl\/#\/schema\/logo\/image\/","url":"https:\/\/cbkjk.uwr.edu.pl\/wp-content\/uploads\/sites\/671\/2025\/10\/UWr-logotyp-2025.png","contentUrl":"https:\/\/cbkjk.uwr.edu.pl\/wp-content\/uploads\/sites\/671\/2025\/10\/UWr-logotyp-2025.png","width":764,"height":269,"caption":"Centrum Bada\u0144 Kognitywnych nad J\u0119zykiem i Komunikacj\u0105"},"image":{"@id":"https:\/\/cbkjk.uwr.edu.pl\/#\/schema\/logo\/image\/"}}]}},"publishpress_future_action":{"enabled":false,"date":"2026-04-20 03:34:27","action":"change-status","newStatus":"draft","terms":[],"taxonomy":"category","extraData":[]},"publishpress_future_workflow_manual_trigger":{"enabledWorkflows":[]},"_links":{"self":[{"href":"https:\/\/cbkjk.uwr.edu.pl\/en\/wp-json\/wp\/v2\/pages\/25052\/"}],"collection":[{"href":"https:\/\/cbkjk.uwr.edu.pl\/en\/wp-json\/wp\/v2\/pages\/"}],"about":[{"href":"https:\/\/cbkjk.uwr.edu.pl\/en\/wp-json\/wp\/v2\/types\/page\/"}],"author":[{"embeddable":true,"href":"https:\/\/cbkjk.uwr.edu.pl\/en\/wp-json\/wp\/v2\/users\/37\/"}],"replies":[{"embeddable":true,"href":"https:\/\/cbkjk.uwr.edu.pl\/en\/wp-json\/wp\/v2\/comments\/?post=25052"}],"version-history":[{"count":2,"href":"https:\/\/cbkjk.uwr.edu.pl\/en\/wp-json\/wp\/v2\/pages\/25052\/revisions\/"}],"predecessor-version":[{"id":25346,"href":"https:\/\/cbkjk.uwr.edu.pl\/en\/wp-json\/wp\/v2\/pages\/25052\/revisions\/25346\/"}],"wp:attachment":[{"href":"https:\/\/cbkjk.uwr.edu.pl\/en\/wp-json\/wp\/v2\/media\/?parent=25052"}],"wp:term":[{"taxonomy":"category","embeddable":true,"href":"https:\/\/cbkjk.uwr.edu.pl\/en\/wp-json\/wp\/v2\/categories\/?post=25052"},{"taxonomy":"post_tag","embeddable":true,"href":"https:\/\/cbkjk.uwr.edu.pl\/en\/wp-json\/wp\/v2\/tags\/?post=25052"}],"curies":[{"name":"wp","href":"https:\/\/api.w.org\/{rel}","templated":true}]}}