{"id":25040,"date":"2021-04-12T12:11:49","date_gmt":"2021-04-12T10:11:49","guid":{"rendered":"https:\/\/cbkjk.uwr.edu.pl\/strona-glowna2-2\/"},"modified":"2025-04-09T19:46:58","modified_gmt":"2025-04-09T17:46:58","slug":"strona-glowna2-2","status":"publish","type":"page","link":"https:\/\/cbkjk.uwr.edu.pl\/en\/","title":{"rendered":"Main Page"},"content":{"rendered":"\n<div class=\"bs_add_mobile_custom_menu\"><\/div>\n\n\n\n<div class=\"wp-block-columns bs-section-baner bs_add_contained_custom_menu is-layout-flex wp-block-columns-is-layout-flex\">\n<div class=\"wp-block-column bs-baner-first-column is-layout-flow wp-block-column-is-layout-flow\" style=\"flex-basis:60%\">\n<figure class=\"wp-block-image size-large\"><img loading=\"lazy\" decoding=\"async\" width=\"1024\" height=\"553\" src=\"https:\/\/cbkjk.uwr.edu.pl\/wp-content\/uploads\/sites\/671\/2024\/11\/Zespol-1024x553.webp\" alt=\"Team\" class=\"wp-image-25100\" srcset=\"https:\/\/cbkjk.uwr.edu.pl\/wp-content\/uploads\/sites\/671\/2024\/11\/Zespol-1024x553.webp 1024w, https:\/\/cbkjk.uwr.edu.pl\/wp-content\/uploads\/sites\/671\/2024\/11\/Zespol-300x162.webp 300w, https:\/\/cbkjk.uwr.edu.pl\/wp-content\/uploads\/sites\/671\/2024\/11\/Zespol-768x415.webp 768w, https:\/\/cbkjk.uwr.edu.pl\/wp-content\/uploads\/sites\/671\/2024\/11\/Zespol-1536x829.webp 1536w, https:\/\/cbkjk.uwr.edu.pl\/wp-content\/uploads\/sites\/671\/2024\/11\/Zespol-1320x713.webp 1320w, https:\/\/cbkjk.uwr.edu.pl\/wp-content\/uploads\/sites\/671\/2024\/11\/Zespol-24x13.webp 24w, https:\/\/cbkjk.uwr.edu.pl\/wp-content\/uploads\/sites\/671\/2024\/11\/Zespol-36x19.webp 36w, https:\/\/cbkjk.uwr.edu.pl\/wp-content\/uploads\/sites\/671\/2024\/11\/Zespol-48x26.webp 48w, https:\/\/cbkjk.uwr.edu.pl\/wp-content\/uploads\/sites\/671\/2024\/11\/Zespol.webp 1600w\" sizes=\"auto, (max-width: 1024px) 100vw, 1024px\" \/><\/figure>\n\n\n\n<p>The Cognitive Research Center for Language and Communication Team<\/p>\n\n\n\n<p>Over the past several years, research on these topics has seen remarkable growth in prominent research centers worldwide. Linguists at the Faculty of Philology at the University of Wroc\u0142aw have also embraced this dynamic field. Recently, scholars from the Institute of Polish Philology, the Institute of English Philology, and the Institute of Romance Philology have fostered close collaboration in cognitive research, yielding impressive outcomes. <\/p>\n\n\n\n<p>The Faculty\u2019s Research Center aims to integrate ongoing projects, broaden research perspectives, and enhance public engagement through partnerships with other Polish and international research centers, as well as external stakeholders from the socio-economic sphere.<\/p>\n\n\n\n<p>Our primary objectives include conducting scientific research, organizing methodological workshops, offering educational courses, and promoting cognitive linguistics, particularly in areas such as:<\/p>\n\n\n\n<ul class=\"wp-block-list\">\n<li>Cognitive studies on meaning in semantics and pragmatics<\/li>\n\n\n\n<li>Cognitive grammar<\/li>\n\n\n\n<li>Cognitive ethnolinguistics<\/li>\n\n\n\n<li>Research on bilingualism and the acquisition of second and heritage languages<\/li>\n\n\n\n<li>Cognitive aspects of multimodal communication<\/li>\n\n\n\n<li>Cognitive corpus and statistical research<\/li>\n<\/ul>\n\n\n\n<p>We collaborate with like-minded institutions in Poland and abroad, including the Cognitive Linguistics Institutes at Adam Mickiewicz University in Pozna\u0144 and UMCS in Lublin, the Polish Society of Cognitive Linguistics, The Distributed Little Red Hen Lab, the Center for Cognitive Science at Hunan Normal University, and the International Cognitive Linguistics Association. Our research is further supported by the Scientific Council, ensuring robust academic guidance.<\/p>\n<\/div>\n\n\n\n<div class=\"wp-block-column is-layout-flow wp-block-column-is-layout-flow\" style=\"flex-basis:5%\"><\/div>\n\n\n\n<div class=\"wp-block-column bs-baner-second-column is-layout-flow wp-block-column-is-layout-flow\" style=\"flex-basis:40%\">\n<div style=\"height:100px\" aria-hidden=\"true\" class=\"wp-block-spacer\"><\/div>\n\n\n\n<h2 class=\"wp-block-heading\">The Centre for Cognitive Research in Language and Communication<\/h2>\n\n\n\n<div class=\"wp-block-columns is-layout-flex wp-block-columns-is-layout-flex\">\n<div class=\"wp-block-column odstep-prawy is-layout-flow wp-block-column-is-layout-flow\">\n<p>The Cognitive Research Center for Language and Communication explores the cognitive dimensions of diverse forms of communication.<\/p>\n<\/div>\n<\/div>\n\n\n\r\n<div class=\"bs_block__container\">\r\n    <a title=\"News and Events (FB)\" class=\"button2__link\" href=\"https:\/\/www.facebook.com\/profile.php?id=61553239757560\">\r\n        <div class=\"button2\">\r\n            <span class=\"c-button__arrow2\">\r\n                <svg class=\"c-arrow2\" width=\"40px\" height=\"40px\" alt=\"\" viewBox=\"0 0 22 16\" version=\"1.1\">\r\n                    <g class=\"c-arrow__g2\" stroke=\"none\" strokeWidth=\"1\" fill=\"none\" fillRule=\"evenodd\">\r\n                        <g class=\"c-arrow__g2\">\r\n                            <rect id=\"c-arrow__rect2\" x=\"0\" y=\"7\" width=\"20\" height=\"2\" transform=\"scale(0,1)\" \/>\r\n                            <polygon points=\"13.4875 0 12 1.6215 18.7875 8 12 14.3795 13.4875 16 21.9995 8\" \/>\r\n                        <\/g>\r\n                    <\/g>\r\n                <\/svg>\r\n            <\/span>\r\n            <span class=\"c-button__inner2\">News and Events (FB)<\/span>\r\n        <\/div>\r\n    <\/a>\r\n<\/div>\n\n\n<figure class=\"wp-block-image alignright size-medium bs-baner-badawcza\"><img loading=\"lazy\" decoding=\"async\" width=\"300\" height=\"147\" src=\"https:\/\/cbkjk.uwr.edu.pl\/wp-content\/uploads\/sites\/671\/2021\/04\/213@2x-1024x502-1-300x147.webp\" alt=\"Uczelnia badawcza - banner\" class=\"wp-image-22629\" srcset=\"https:\/\/cbkjk.uwr.edu.pl\/wp-content\/uploads\/sites\/671\/2021\/04\/213@2x-1024x502-1-300x147.webp 300w, https:\/\/cbkjk.uwr.edu.pl\/wp-content\/uploads\/sites\/671\/2021\/04\/213@2x-1024x502-1-768x377.webp 768w, https:\/\/cbkjk.uwr.edu.pl\/wp-content\/uploads\/sites\/671\/2021\/04\/213@2x-1024x502-1-24x12.webp 24w, https:\/\/cbkjk.uwr.edu.pl\/wp-content\/uploads\/sites\/671\/2021\/04\/213@2x-1024x502-1-36x18.webp 36w, https:\/\/cbkjk.uwr.edu.pl\/wp-content\/uploads\/sites\/671\/2021\/04\/213@2x-1024x502-1-48x24.webp 48w, https:\/\/cbkjk.uwr.edu.pl\/wp-content\/uploads\/sites\/671\/2021\/04\/213@2x-1024x502-1.webp 1024w\" sizes=\"auto, (max-width: 300px) 100vw, 300px\" \/><figcaption class=\"wp-element-caption\"><a href=\"https:\/\/badawczy.uwr.edu.pl\/\" target=\"_blank\" rel=\"noreferrer noopener\"><\/a><\/figcaption><\/figure>\n<\/div>\n<\/div>\n\n\n\n<hr class=\"wp-block-separator has-text-color has-css-opacity has-background is-style-wide bs-border-na-sztywno\" style=\"background-color:#fcbd30;color:#fcbd30\"\/>\n\n\n\n<p><\/p>\n\n\n\n<p><\/p>\n\n\n\n<p><\/p>\n","protected":false},"excerpt":{"rendered":"<p>The Cognitive Research Center for Language and Communication Team Over the past several years, research on these topics has seen remarkable growth in prominent research centers worldwide. Linguists at the Faculty of Philology at the University of Wroc\u0142aw have also embraced this dynamic field. Recently, scholars from the Institute of Polish Philology, the Institute of [&hellip;]<\/p>\n","protected":false},"author":20,"featured_media":0,"parent":0,"menu_order":0,"comment_status":"closed","ping_status":"closed","template":"","meta":{"_acf_changed":false,"inline_featured_image":false,"site-sidebar-layout":"no-sidebar","site-content-layout":"page-builder","ast-site-content-layout":"full-width-container","site-content-style":"boxed","site-sidebar-style":"unboxed","ast-global-header-display":"","ast-banner-title-visibility":"","ast-main-header-display":"","ast-hfb-above-header-display":"","ast-hfb-below-header-display":"","ast-hfb-mobile-header-display":"","site-post-title":"disabled","ast-breadcrumbs-content":"","ast-featured-img":"","footer-sml-layout":"","ast-disable-related-posts":"","theme-transparent-header-meta":"default","adv-header-id-meta":"","stick-header-meta":"","header-above-stick-meta":"","header-main-stick-meta":"","header-below-stick-meta":"","astra-migrate-meta-layouts":"set","ast-page-background-enabled":"default","ast-page-background-meta":{"desktop":{"background-color":"","background-image":"","background-repeat":"repeat","background-position":"center center","background-size":"auto","background-attachment":"scroll","background-type":"","background-media":"","overlay-type":"","overlay-color":"","overlay-opacity":"","overlay-gradient":""},"tablet":{"background-color":"","background-image":"","background-repeat":"repeat","background-position":"center center","background-size":"auto","background-attachment":"scroll","background-type":"","background-media":"","overlay-type":"","overlay-color":"","overlay-opacity":"","overlay-gradient":""},"mobile":{"background-color":"","background-image":"","background-repeat":"repeat","background-position":"center center","background-size":"auto","background-attachment":"scroll","background-type":"","background-media":"","overlay-type":"","overlay-color":"","overlay-opacity":"","overlay-gradient":""}},"ast-content-background-meta":{"desktop":{"background-color":"var(--ast-global-color-5)","background-image":"","background-repeat":"repeat","background-position":"center center","background-size":"auto","background-attachment":"scroll","background-type":"","background-media":"","overlay-type":"","overlay-color":"","overlay-opacity":"","overlay-gradient":""},"tablet":{"background-color":"var(--ast-global-color-5)","background-image":"","background-repeat":"repeat","background-position":"center center","background-size":"auto","background-attachment":"scroll","background-type":"","background-media":"","overlay-type":"","overlay-color":"","overlay-opacity":"","overlay-gradient":""},"mobile":{"background-color":"var(--ast-global-color-5)","background-image":"","background-repeat":"repeat","background-position":"center center","background-size":"auto","background-attachment":"scroll","background-type":"","background-media":"","overlay-type":"","overlay-color":"","overlay-opacity":"","overlay-gradient":""}},"footnotes":""},"categories":[],"tags":[],"class_list":["post-25040","page","type-page","status-publish","hentry"],"featured_image_urls_v2":{"full":"","thumbnail":"","medium":"","medium_large":"","large":"","1536x1536":"","2048x2048":"","menu-24x24":"","menu-36x36":"","menu-48x48":""},"post_excerpt_stackable_v2":"<p>The Cognitive Research Center for Language and Communication Team Over the past several years, research on these topics has seen remarkable growth in prominent research centers worldwide. Linguists at the Faculty of Philology at the University of Wroc\u0142aw have also embraced this dynamic field. Recently, scholars from the Institute of Polish Philology, the Institute of English Philology, and the Institute of Romance Philology have fostered close collaboration in cognitive research, yielding impressive outcomes. The Faculty\u2019s Research Center aims to integrate ongoing projects, broaden research perspectives, and enhance public engagement through partnerships with other Polish and international research centers, as well&hellip;<\/p>\n","category_list_v2":"Uncategorized","author_info_v2":{"name":"mmatlinski","url":"https:\/\/cbkjk.uwr.edu.pl\/en\/author\/mmatlinski\/"},"comments_num_v2":"0 comments","acf":[],"yoast_head":"<!-- This site is optimized with the Yoast SEO plugin v27.1.1 - https:\/\/yoast.com\/product\/yoast-seo-wordpress\/ -->\n<title>Main Page - Centrum Bada\u0144 Kognitywnych nad J\u0119zykiem i Komunikacj\u0105<\/title>\n<meta name=\"robots\" content=\"index, follow, max-snippet:-1, max-image-preview:large, max-video-preview:-1\" \/>\n<link rel=\"canonical\" href=\"https:\/\/cbkjk.uwr.edu.pl\/en\/\" \/>\n<meta property=\"og:locale\" content=\"en_US\" \/>\n<meta property=\"og:type\" content=\"article\" \/>\n<meta property=\"og:title\" content=\"Main Page - Centrum Bada\u0144 Kognitywnych nad J\u0119zykiem i Komunikacj\u0105\" \/>\n<meta property=\"og:description\" content=\"The Cognitive Research Center for Language and Communication Team Over the past several years, research on these topics has seen remarkable growth in prominent research centers worldwide. Linguists at the Faculty of Philology at the University of Wroc\u0142aw have also embraced this dynamic field. Recently, scholars from the Institute of Polish Philology, the Institute of [&hellip;]\" \/>\n<meta property=\"og:url\" content=\"https:\/\/cbkjk.uwr.edu.pl\/en\/\" \/>\n<meta property=\"og:site_name\" content=\"Centrum Bada\u0144 Kognitywnych nad J\u0119zykiem i Komunikacj\u0105\" \/>\n<meta property=\"article:modified_time\" content=\"2025-04-09T17:46:58+00:00\" \/>\n<meta property=\"og:image\" content=\"https:\/\/cbkjk.uwr.edu.pl\/wp-content\/uploads\/sites\/671\/2024\/11\/Zespol.webp\" \/>\n\t<meta property=\"og:image:width\" content=\"1600\" \/>\n\t<meta property=\"og:image:height\" content=\"864\" \/>\n\t<meta property=\"og:image:type\" content=\"image\/webp\" \/>\n<meta name=\"twitter:card\" content=\"summary_large_image\" \/>\n<meta name=\"twitter:label1\" content=\"Est. reading time\" \/>\n\t<meta name=\"twitter:data1\" content=\"2 minutes\" \/>\n<script type=\"application\/ld+json\" class=\"yoast-schema-graph\">{\"@context\":\"https:\/\/schema.org\",\"@graph\":[{\"@type\":\"WebPage\",\"@id\":\"https:\/\/cbkjk.uwr.edu.pl\/en\/\",\"url\":\"https:\/\/cbkjk.uwr.edu.pl\/en\/\",\"name\":\"Main Page - Centrum Bada\u0144 Kognitywnych nad J\u0119zykiem i Komunikacj\u0105\",\"isPartOf\":{\"@id\":\"https:\/\/cbkjk.uwr.edu.pl\/#website\"},\"primaryImageOfPage\":{\"@id\":\"https:\/\/cbkjk.uwr.edu.pl\/en\/#primaryimage\"},\"image\":{\"@id\":\"https:\/\/cbkjk.uwr.edu.pl\/en\/#primaryimage\"},\"thumbnailUrl\":\"https:\/\/cbkjk.uwr.edu.pl\/wp-content\/uploads\/sites\/671\/2024\/11\/Zespol-1024x553.webp\",\"datePublished\":\"2021-04-12T10:11:49+00:00\",\"dateModified\":\"2025-04-09T17:46:58+00:00\",\"breadcrumb\":{\"@id\":\"https:\/\/cbkjk.uwr.edu.pl\/en\/#breadcrumb\"},\"inLanguage\":\"en-US\",\"potentialAction\":[{\"@type\":\"ReadAction\",\"target\":[\"https:\/\/cbkjk.uwr.edu.pl\/en\/\"]}]},{\"@type\":\"ImageObject\",\"inLanguage\":\"en-US\",\"@id\":\"https:\/\/cbkjk.uwr.edu.pl\/en\/#primaryimage\",\"url\":\"https:\/\/cbkjk.uwr.edu.pl\/wp-content\/uploads\/sites\/671\/2024\/11\/Zespol-1024x553.webp\",\"contentUrl\":\"https:\/\/cbkjk.uwr.edu.pl\/wp-content\/uploads\/sites\/671\/2024\/11\/Zespol-1024x553.webp\"},{\"@type\":\"BreadcrumbList\",\"@id\":\"https:\/\/cbkjk.uwr.edu.pl\/en\/#breadcrumb\",\"itemListElement\":[{\"@type\":\"ListItem\",\"position\":1,\"name\":\"Strona g\u0142\u00f3wna\",\"item\":\"https:\/\/cbkjk.uwr.edu.pl\/en\/\"},{\"@type\":\"ListItem\",\"position\":2,\"name\":\"Main Page\"}]},{\"@type\":\"WebSite\",\"@id\":\"https:\/\/cbkjk.uwr.edu.pl\/#website\",\"url\":\"https:\/\/cbkjk.uwr.edu.pl\/\",\"name\":\"Centrum Bada\u0144 Kognitywnych nad J\u0119zykiem i Komunikacj\u0105\",\"description\":\"Kolejna witryna sieci \u201eUWR Witryny\u201d\",\"publisher\":{\"@id\":\"https:\/\/cbkjk.uwr.edu.pl\/#organization\"},\"potentialAction\":[{\"@type\":\"SearchAction\",\"target\":{\"@type\":\"EntryPoint\",\"urlTemplate\":\"https:\/\/cbkjk.uwr.edu.pl\/?s={search_term_string}\"},\"query-input\":{\"@type\":\"PropertyValueSpecification\",\"valueRequired\":true,\"valueName\":\"search_term_string\"}}],\"inLanguage\":\"en-US\"},{\"@type\":\"Organization\",\"@id\":\"https:\/\/cbkjk.uwr.edu.pl\/#organization\",\"name\":\"Centrum Bada\u0144 Kognitywnych nad J\u0119zykiem i Komunikacj\u0105\",\"url\":\"https:\/\/cbkjk.uwr.edu.pl\/\",\"logo\":{\"@type\":\"ImageObject\",\"inLanguage\":\"en-US\",\"@id\":\"https:\/\/cbkjk.uwr.edu.pl\/#\/schema\/logo\/image\/\",\"url\":\"https:\/\/cbkjk.uwr.edu.pl\/wp-content\/uploads\/sites\/671\/2025\/10\/UWr-logotyp-2025.png\",\"contentUrl\":\"https:\/\/cbkjk.uwr.edu.pl\/wp-content\/uploads\/sites\/671\/2025\/10\/UWr-logotyp-2025.png\",\"width\":764,\"height\":269,\"caption\":\"Centrum Bada\u0144 Kognitywnych nad J\u0119zykiem i Komunikacj\u0105\"},\"image\":{\"@id\":\"https:\/\/cbkjk.uwr.edu.pl\/#\/schema\/logo\/image\/\"}}]}<\/script>\n<!-- \/ Yoast SEO plugin. -->","yoast_head_json":{"title":"Main Page - Centrum Bada\u0144 Kognitywnych nad J\u0119zykiem i Komunikacj\u0105","robots":{"index":"index","follow":"follow","max-snippet":"max-snippet:-1","max-image-preview":"max-image-preview:large","max-video-preview":"max-video-preview:-1"},"canonical":"https:\/\/cbkjk.uwr.edu.pl\/en\/","og_locale":"en_US","og_type":"article","og_title":"Main Page - Centrum Bada\u0144 Kognitywnych nad J\u0119zykiem i Komunikacj\u0105","og_description":"The Cognitive Research Center for Language and Communication Team Over the past several years, research on these topics has seen remarkable growth in prominent research centers worldwide. Linguists at the Faculty of Philology at the University of Wroc\u0142aw have also embraced this dynamic field. Recently, scholars from the Institute of Polish Philology, the Institute of [&hellip;]","og_url":"https:\/\/cbkjk.uwr.edu.pl\/en\/","og_site_name":"Centrum Bada\u0144 Kognitywnych nad J\u0119zykiem i Komunikacj\u0105","article_modified_time":"2025-04-09T17:46:58+00:00","og_image":[{"width":1600,"height":864,"url":"https:\/\/cbkjk.uwr.edu.pl\/wp-content\/uploads\/sites\/671\/2024\/11\/Zespol.webp","type":"image\/webp"}],"twitter_card":"summary_large_image","twitter_misc":{"Est. reading time":"2 minutes"},"schema":{"@context":"https:\/\/schema.org","@graph":[{"@type":"WebPage","@id":"https:\/\/cbkjk.uwr.edu.pl\/en\/","url":"https:\/\/cbkjk.uwr.edu.pl\/en\/","name":"Main Page - Centrum Bada\u0144 Kognitywnych nad J\u0119zykiem i Komunikacj\u0105","isPartOf":{"@id":"https:\/\/cbkjk.uwr.edu.pl\/#website"},"primaryImageOfPage":{"@id":"https:\/\/cbkjk.uwr.edu.pl\/en\/#primaryimage"},"image":{"@id":"https:\/\/cbkjk.uwr.edu.pl\/en\/#primaryimage"},"thumbnailUrl":"https:\/\/cbkjk.uwr.edu.pl\/wp-content\/uploads\/sites\/671\/2024\/11\/Zespol-1024x553.webp","datePublished":"2021-04-12T10:11:49+00:00","dateModified":"2025-04-09T17:46:58+00:00","breadcrumb":{"@id":"https:\/\/cbkjk.uwr.edu.pl\/en\/#breadcrumb"},"inLanguage":"en-US","potentialAction":[{"@type":"ReadAction","target":["https:\/\/cbkjk.uwr.edu.pl\/en\/"]}]},{"@type":"ImageObject","inLanguage":"en-US","@id":"https:\/\/cbkjk.uwr.edu.pl\/en\/#primaryimage","url":"https:\/\/cbkjk.uwr.edu.pl\/wp-content\/uploads\/sites\/671\/2024\/11\/Zespol-1024x553.webp","contentUrl":"https:\/\/cbkjk.uwr.edu.pl\/wp-content\/uploads\/sites\/671\/2024\/11\/Zespol-1024x553.webp"},{"@type":"BreadcrumbList","@id":"https:\/\/cbkjk.uwr.edu.pl\/en\/#breadcrumb","itemListElement":[{"@type":"ListItem","position":1,"name":"Strona g\u0142\u00f3wna","item":"https:\/\/cbkjk.uwr.edu.pl\/en\/"},{"@type":"ListItem","position":2,"name":"Main Page"}]},{"@type":"WebSite","@id":"https:\/\/cbkjk.uwr.edu.pl\/#website","url":"https:\/\/cbkjk.uwr.edu.pl\/","name":"Centrum Bada\u0144 Kognitywnych nad J\u0119zykiem i Komunikacj\u0105","description":"Kolejna witryna sieci \u201eUWR Witryny\u201d","publisher":{"@id":"https:\/\/cbkjk.uwr.edu.pl\/#organization"},"potentialAction":[{"@type":"SearchAction","target":{"@type":"EntryPoint","urlTemplate":"https:\/\/cbkjk.uwr.edu.pl\/?s={search_term_string}"},"query-input":{"@type":"PropertyValueSpecification","valueRequired":true,"valueName":"search_term_string"}}],"inLanguage":"en-US"},{"@type":"Organization","@id":"https:\/\/cbkjk.uwr.edu.pl\/#organization","name":"Centrum Bada\u0144 Kognitywnych nad J\u0119zykiem i Komunikacj\u0105","url":"https:\/\/cbkjk.uwr.edu.pl\/","logo":{"@type":"ImageObject","inLanguage":"en-US","@id":"https:\/\/cbkjk.uwr.edu.pl\/#\/schema\/logo\/image\/","url":"https:\/\/cbkjk.uwr.edu.pl\/wp-content\/uploads\/sites\/671\/2025\/10\/UWr-logotyp-2025.png","contentUrl":"https:\/\/cbkjk.uwr.edu.pl\/wp-content\/uploads\/sites\/671\/2025\/10\/UWr-logotyp-2025.png","width":764,"height":269,"caption":"Centrum Bada\u0144 Kognitywnych nad J\u0119zykiem i Komunikacj\u0105"},"image":{"@id":"https:\/\/cbkjk.uwr.edu.pl\/#\/schema\/logo\/image\/"}}]}},"publishpress_future_action":{"enabled":false,"date":"2026-04-20 00:25:26","action":"change-status","newStatus":"draft","terms":[],"taxonomy":"category","extraData":[]},"publishpress_future_workflow_manual_trigger":{"enabledWorkflows":[]},"_links":{"self":[{"href":"https:\/\/cbkjk.uwr.edu.pl\/en\/wp-json\/wp\/v2\/pages\/25040\/"}],"collection":[{"href":"https:\/\/cbkjk.uwr.edu.pl\/en\/wp-json\/wp\/v2\/pages\/"}],"about":[{"href":"https:\/\/cbkjk.uwr.edu.pl\/en\/wp-json\/wp\/v2\/types\/page\/"}],"author":[{"embeddable":true,"href":"https:\/\/cbkjk.uwr.edu.pl\/en\/wp-json\/wp\/v2\/users\/20\/"}],"replies":[{"embeddable":true,"href":"https:\/\/cbkjk.uwr.edu.pl\/en\/wp-json\/wp\/v2\/comments\/?post=25040"}],"version-history":[{"count":8,"href":"https:\/\/cbkjk.uwr.edu.pl\/en\/wp-json\/wp\/v2\/pages\/25040\/revisions\/"}],"predecessor-version":[{"id":25423,"href":"https:\/\/cbkjk.uwr.edu.pl\/en\/wp-json\/wp\/v2\/pages\/25040\/revisions\/25423\/"}],"wp:attachment":[{"href":"https:\/\/cbkjk.uwr.edu.pl\/en\/wp-json\/wp\/v2\/media\/?parent=25040"}],"wp:term":[{"taxonomy":"category","embeddable":true,"href":"https:\/\/cbkjk.uwr.edu.pl\/en\/wp-json\/wp\/v2\/categories\/?post=25040"},{"taxonomy":"post_tag","embeddable":true,"href":"https:\/\/cbkjk.uwr.edu.pl\/en\/wp-json\/wp\/v2\/tags\/?post=25040"}],"curies":[{"name":"wp","href":"https:\/\/api.w.org\/{rel}","templated":true}]}}